{"id":19,"date":"2021-02-10T16:26:40","date_gmt":"2021-02-10T16:26:40","guid":{"rendered":"http:\/\/wp.ws.test\/?page_id=19"},"modified":"2026-02-25T17:06:10","modified_gmt":"2026-02-25T17:06:10","slug":"chi-siamo","status":"publish","type":"page","link":"https:\/\/weighstation.eu\/de\/chi-siamo\/","title":{"rendered":"\u00dcber Uns"},"content":{"rendered":"","protected":false},"excerpt":{"rendered":"","protected":false},"author":1,"featured_media":0,"parent":0,"menu_order":7,"comment_status":"closed","ping_status":"closed","template":"templates\/about.php","meta":{"footnotes":""},"class_list":["post-19","page","type-page","status-publish","hentry"],"yoast_head":"<!-- This site is optimized with the Yoast SEO plugin v27.5 - https:\/\/yoast.com\/product\/yoast-seo-wordpress\/ -->\n<title>\u00dcber Uns - Weigh Station<\/title>\n<meta name=\"robots\" content=\"index, follow, max-snippet:-1, max-image-preview:large, max-video-preview:-1\" \/>\n<link rel=\"canonical\" href=\"https:\/\/weighstation.eu\/chi-siamo\/\" \/>\n<meta property=\"og:locale\" content=\"de_DE\" \/>\n<meta property=\"og:type\" content=\"article\" \/>\n<meta property=\"og:title\" content=\"[:it]Chi Siamo[:de]\u00dcber Uns[:en]About Us[:] - Weigh Station\" \/>\n<meta property=\"og:url\" content=\"https:\/\/weighstation.eu\/chi-siamo\/\" \/>\n<meta property=\"og:site_name\" content=\"Weigh Station\" \/>\n<meta property=\"article:publisher\" content=\"https:\/\/www.facebook.com\/weighstationbz\" \/>\n<meta property=\"article:modified_time\" content=\"2026-02-25T17:06:10+00:00\" \/>\n<meta property=\"og:image\" content=\"https:\/\/weighstation.eu\/wp-content\/uploads\/2025\/01\/Tavola_disegno_1.png\" \/>\n\t<meta property=\"og:image:width\" content=\"1200\" \/>\n\t<meta property=\"og:image:height\" content=\"628\" \/>\n\t<meta property=\"og:image:type\" content=\"image\/png\" \/>\n<meta name=\"twitter:card\" content=\"summary_large_image\" \/>\n<script type=\"application\/ld+json\" class=\"yoast-schema-graph\">{\"@context\":\"https:\\\/\\\/schema.org\",\"@graph\":[{\"@type\":\"WebPage\",\"@id\":\"https:\\\/\\\/weighstation.eu\\\/chi-siamo\\\/\",\"url\":\"https:\\\/\\\/weighstation.eu\\\/chi-siamo\\\/\",\"name\":\"[:it]Chi Siamo[:de]\u00dcber Uns[:en]About Us[:] - Weigh Station\",\"isPartOf\":{\"@id\":\"https:\\\/\\\/weighstation.eu\\\/#website\"},\"datePublished\":\"2021-02-10T16:26:40+00:00\",\"dateModified\":\"2026-02-25T17:06:10+00:00\",\"breadcrumb\":{\"@id\":\"https:\\\/\\\/weighstation.eu\\\/chi-siamo\\\/#breadcrumb\"},\"inLanguage\":\"de\",\"potentialAction\":[{\"@type\":\"ReadAction\",\"target\":[\"https:\\\/\\\/weighstation.eu\\\/chi-siamo\\\/\"]}]},{\"@type\":\"BreadcrumbList\",\"@id\":\"https:\\\/\\\/weighstation.eu\\\/chi-siamo\\\/#breadcrumb\",\"itemListElement\":[{\"@type\":\"ListItem\",\"position\":1,\"name\":\"Home\",\"item\":\"https:\\\/\\\/weighstation.eu\\\/\"},{\"@type\":\"ListItem\",\"position\":2,\"name\":\"Chi Siamo\"}]},{\"@type\":\"WebSite\",\"@id\":\"https:\\\/\\\/weighstation.eu\\\/#website\",\"url\":\"https:\\\/\\\/weighstation.eu\\\/\",\"name\":\"Weigh Station\",\"description\":\"Tutti gli appuntamenti di Weigh Station da non perdere, ci vediamo a Casa della Pesa \u2013 suona il campanello, siamo al secondo piano \u2013 oppure online.\",\"publisher\":{\"@id\":\"https:\\\/\\\/weighstation.eu\\\/#organization\"},\"potentialAction\":[{\"@type\":\"SearchAction\",\"target\":{\"@type\":\"EntryPoint\",\"urlTemplate\":\"https:\\\/\\\/weighstation.eu\\\/?s={search_term_string}\"},\"query-input\":{\"@type\":\"PropertyValueSpecification\",\"valueRequired\":true,\"valueName\":\"search_term_string\"}}],\"inLanguage\":\"de\"},{\"@type\":\"Organization\",\"@id\":\"https:\\\/\\\/weighstation.eu\\\/#organization\",\"name\":\"Weigh Station\",\"alternateName\":\"Weigh Station ETS\",\"url\":\"https:\\\/\\\/weighstation.eu\\\/\",\"logo\":{\"@type\":\"ImageObject\",\"inLanguage\":\"de\",\"@id\":\"https:\\\/\\\/weighstation.eu\\\/#\\\/schema\\\/logo\\\/image\\\/\",\"url\":\"https:\\\/\\\/weighstation.eu\\\/wp-content\\\/uploads\\\/2025\\\/01\\\/WS-LogoOrganizzazione.png\",\"contentUrl\":\"https:\\\/\\\/weighstation.eu\\\/wp-content\\\/uploads\\\/2025\\\/01\\\/WS-LogoOrganizzazione.png\",\"width\":1200,\"height\":1200,\"caption\":\"Weigh Station\"},\"image\":{\"@id\":\"https:\\\/\\\/weighstation.eu\\\/#\\\/schema\\\/logo\\\/image\\\/\"},\"sameAs\":[\"https:\\\/\\\/www.facebook.com\\\/weighstationbz\",\"https:\\\/\\\/www.instagram.com\\\/weigh_station\\\/\"]}]}<\/script>\n<!-- \/ Yoast SEO plugin. -->","yoast_head_json":{"title":"[:it]Chi Siamo[:de]\u00dcber Uns[:en]About Us[:] - Weigh Station","robots":{"index":"index","follow":"follow","max-snippet":"max-snippet:-1","max-image-preview":"max-image-preview:large","max-video-preview":"max-video-preview:-1"},"canonical":"https:\/\/weighstation.eu\/chi-siamo\/","og_locale":"de_DE","og_type":"article","og_title":"[:it]Chi Siamo[:de]\u00dcber Uns[:en]About Us[:] - Weigh Station","og_url":"https:\/\/weighstation.eu\/chi-siamo\/","og_site_name":"Weigh Station","article_publisher":"https:\/\/www.facebook.com\/weighstationbz","article_modified_time":"2026-02-25T17:06:10+00:00","og_image":[{"width":1200,"height":628,"url":"https:\/\/weighstation.eu\/wp-content\/uploads\/2025\/01\/Tavola_disegno_1.png","type":"image\/png"}],"twitter_card":"summary_large_image","schema":{"@context":"https:\/\/schema.org","@graph":[{"@type":"WebPage","@id":"https:\/\/weighstation.eu\/chi-siamo\/","url":"https:\/\/weighstation.eu\/chi-siamo\/","name":"[:it]Chi Siamo[:de]\u00dcber Uns[:en]About Us[:] - Weigh Station","isPartOf":{"@id":"https:\/\/weighstation.eu\/#website"},"datePublished":"2021-02-10T16:26:40+00:00","dateModified":"2026-02-25T17:06:10+00:00","breadcrumb":{"@id":"https:\/\/weighstation.eu\/chi-siamo\/#breadcrumb"},"inLanguage":"de","potentialAction":[{"@type":"ReadAction","target":["https:\/\/weighstation.eu\/chi-siamo\/"]}]},{"@type":"BreadcrumbList","@id":"https:\/\/weighstation.eu\/chi-siamo\/#breadcrumb","itemListElement":[{"@type":"ListItem","position":1,"name":"Home","item":"https:\/\/weighstation.eu\/"},{"@type":"ListItem","position":2,"name":"Chi Siamo"}]},{"@type":"WebSite","@id":"https:\/\/weighstation.eu\/#website","url":"https:\/\/weighstation.eu\/","name":"Weigh Station","description":"Tutti gli appuntamenti di Weigh Station da non perdere, ci vediamo a Casa della Pesa \u2013 suona il campanello, siamo al secondo piano \u2013 oppure online.","publisher":{"@id":"https:\/\/weighstation.eu\/#organization"},"potentialAction":[{"@type":"SearchAction","target":{"@type":"EntryPoint","urlTemplate":"https:\/\/weighstation.eu\/?s={search_term_string}"},"query-input":{"@type":"PropertyValueSpecification","valueRequired":true,"valueName":"search_term_string"}}],"inLanguage":"de"},{"@type":"Organization","@id":"https:\/\/weighstation.eu\/#organization","name":"Weigh Station","alternateName":"Weigh Station ETS","url":"https:\/\/weighstation.eu\/","logo":{"@type":"ImageObject","inLanguage":"de","@id":"https:\/\/weighstation.eu\/#\/schema\/logo\/image\/","url":"https:\/\/weighstation.eu\/wp-content\/uploads\/2025\/01\/WS-LogoOrganizzazione.png","contentUrl":"https:\/\/weighstation.eu\/wp-content\/uploads\/2025\/01\/WS-LogoOrganizzazione.png","width":1200,"height":1200,"caption":"Weigh Station"},"image":{"@id":"https:\/\/weighstation.eu\/#\/schema\/logo\/image\/"},"sameAs":["https:\/\/www.facebook.com\/weighstationbz","https:\/\/www.instagram.com\/weigh_station\/"]}]}},"acf":{"content":{"type":"single","description":"<p>Weigh Station ist ein Creative Hub mit Sitz im Waaghaus in Bozen, Italien. Gegr\u00fcndet 2014, bietet WS einer Community von \u00fcber 700 Kultur- und Kreativschaffenden ein Netzwerk, Informationen aus der Branche, Beratungen und Weiterbildung, der gesamten Bev\u00f6lkerung Inspiration und Unterhaltung durch verschiedene Eventformate sowie allen jungen Leuten in S\u00fcdtirol eine schnelle und einfache M\u00f6glichkeit ihre Initiativen umzusetzen.<\/p>\n","body":"<p><strong>WAS WIR MACHEN<\/strong><\/p>\n<p><strong>F\u00fcr die Community<\/strong><\/p>\n<p>+ WS Wall: Netzwerk der Kreativen und Kulturschaffenden in S\u00fcdtirol und Trentino. Pr\u00e4sentation der eigenen Person, Expertise und realisierten Projekte auf der Internetplattform WS Wall<br \/>\n+ WS Instrumenta: Kostenlose Beratungen durch Exper:innen<br \/>\n+ WS Random: kostenlose Beratungen durch das Weigh Station Team<br \/>\n+ Ma\u00dfgeschneiderte Workshops f\u00fcr die Kreativbranche<br \/>\n+ Es bewegt sich was: Aktuelle Infos zu Ausschreibungen, Residenzen, Stellenangeboten und Neuigkeiten aus dem Kultursektor<br \/>\n+ Rabatte bei Kulturfestivals<br \/>\n+ Kostenlose Nutzung unserer R\u00e4ume im Waaghaus<br \/>\n+ Teilnahme a Initiativen f\u00fcr die Unterst\u00fctzung eigener Projekte<\/p>\n<p><strong>Kreative, inspirierende und aktivierende Events f\u00fcr alle<\/strong><\/p>\n<p>+ Talks, Konzerte, Events am Kornplatz, Jam Sessions, Spazierg\u00e4nge und kreative Fr\u00fchst\u00fccke\u2026 jedes Jahr ein bisschen anders<\/p>\n<p><strong>F\u00fcr junge Leute zwischen 18 und 26 Jahren, die in S\u00fcdtirol leben<\/strong><\/p>\n<p>+ Tabula Rasa: F\u00f6rdertopf f\u00fcr Initiativen jeglicher Art an allen Orten von S\u00fcdtirol<\/p>\n<p>&nbsp;<\/p>\n<p><strong>DIE GESCHICHTE<\/strong><\/p>\n<p>Weigh Station entstand aus dem gemeinsamen Projekt Weigh Station for Culture von Leitmotiv, Cooperativa 19 und Foto Forum. 2014 wurde die Idee f\u00fcr den Wettbewerb zur neuen Nutzung der R\u00e4umlichkeiten im Erdgeschoss des historischen Waaghauses am Kornplatz in Bozen entwickelt. Im Mittelpunkt standen von Beginn an Kreativit\u00e4t, Austausch und Zusammenarbeit.<\/p>\n<p>Durch w\u00f6chentliche Events, offene Begegnungsmomente, gezielte Unterst\u00fctzung f\u00fcr Kreative und Kulturschaffende, ein Schaufenster f\u00fcr lokale Kunsthandwerker:innen und Designer:innen sowie eine Pinnwand f\u00fcr Stellenangebote und Kooperationen etablierte sich Weigh Station rasch als lebendiger Treffpunkt der regionalen Kreativszene.<\/p>\n<p>Seit 2019 ist Weigh Station ein Verein und seit 2020 wieder fest im Waaghaus verankert \u2013 im zweiten Stock des vollst\u00e4ndig restaurierten Geb\u00e4udes, gemeinsam mit den Partnern des Projekts Waag. Heute ist Weigh Station eine reale und digitale Plattform f\u00fcr Arbeit, Kultur, Kreativit\u00e4t und Innovation in S\u00fcdtirol und dar\u00fcber hinaus, mit besonderer Aufmerksamkeit f\u00fcr die Ideen und W\u00fcnsche junger Generationen.<\/p>\n<p>Im Zentrum steht seit jeher WS Wall \u2013 die Community der Kreativen und Kulturschaffenden. WS Wall lebt vom Austausch, von Bewegung und von Menschen, die ihre Ideen, Erfahrungen und Projekte teilen: eine Gemeinschaft im stetigen Wandel, offen f\u00fcr neue Perspektiven und Zusammenarbeit.<\/p>\n<p>Weigh Station ist Mitglied von <a href=\"https:\/\/waaghaus.eu\">WAAG<\/a>, <a href=\"https:\/\/creativemornings.com\">CreativeMornings<\/a>, <a href=\"https:\/\/creativehubs.net\">ECHN &#8211; European Creative Hubs Network<\/a> sowie der <a href=\"https:\/\/allianzderkultur.it\">Allianz der Kultur<\/a>.<\/p>\n<p>&nbsp;<\/p>\n<p>Auf den Geschmack gekommen? <a href=\"https:\/\/weighstation.eu\/de\/contatti\"><strong>Newsletter abonnieren<\/strong><\/a><\/p>\n<p>&nbsp;<\/p>\n<p>&nbsp;<\/p>\n<p><strong>TEAM<\/strong><\/p>\n<p>&nbsp;<\/p>\n<p><strong>Operatives Team<\/strong><\/p>\n<p>Valentina Cramerotti: Co-Kuration und Projektleitung, Kommunikation und Presseb\u00fcro (zur Zeit in Mutterschaft)<br \/>\ncramerotti@weighstation.eu<\/p>\n<p>Katharina Kolakowski: Co-Kuration und Projektleitung, Kommunikation und Presseb\u00fcro, Administration<br \/>\nkolakowski@weighstation.eu<\/p>\n<p>Roberta Pedrini: Co-Kuration und Projektleitung<br \/>\npedrini@weighstation.eu<\/p>\n<p>Bianca Alexandra Crisbasan: Community Manager, Organisation und Produktion, Tutorin Tabula Rasa<br \/>\ncrisbasan@weighstation.eu<\/p>\n<p>Viola Redaelli: Social Media Manager<br \/>\nredaelli@weighstation.eu<\/p>\n<p>&nbsp;<\/p>\n<p><strong>Founder<\/strong><\/p>\n<p>Claudia Corrent<br \/>\nValentina Cramerotti<br \/>\nMassimiliano Gianotti<br \/>\nKatharina Kolakowski<br \/>\nLaura Morongiu<br \/>\nRoberta Pedrini<br \/>\nSara Sciortino<\/p>\n<p>&nbsp;<\/p>\n<p><strong>Vorstand Verein Weigh Station ETS<\/strong><\/p>\n<p>Roberta Pedrini &#8211; Pr\u00e4sidentin<br \/>\nDaria Akimenko &#8211; Vizepr\u00e4sidentin<br \/>\nSara Sciortino &#8211; Kassierin<\/p>\n<p>&nbsp;<\/p>\n<p><strong>M\u00f6chtest du uns kennenlernen?<\/strong><\/p>\n<p>\u00d6ffnungszeiten der B\u00fcros:<br \/>\nmontags von 17:30 bis 19:30 Uhr<br \/>\ndonnerstags von 9:00 bis 11:00 Uhr<\/p>\n<p>Wenn ihr uns zu anderen Zeiten besuchen m\u00f6chtet, schreibt eine Mail an: hello@weighstation.eu<\/p>\n<p>&nbsp;<\/p>\n<p>&nbsp;<\/p>\n<p>&nbsp;<\/p>\n","columns":{"left":"<p>Left<\/p>\n","right":"<p>Right<\/p>\n"}},"hero":{"image":{"ID":3006,"id":3006,"title":"team_WS_claudia","filename":"team_WS_claudia.jpg","filesize":893807,"url":"https:\/\/weighstation.eu\/wp-content\/uploads\/2022\/10\/team_WS_claudia.jpg","link":"https:\/\/weighstation.eu\/de\/chi-siamo\/team_ws_claudia\/","alt":"","author":"1","description":"","caption":"","name":"team_ws_claudia","status":"inherit","uploaded_to":19,"date":"2022-10-28 08:50:44","modified":"2022-10-28 08:50:44","menu_order":0,"mime_type":"image\/jpeg","type":"image","subtype":"jpeg","icon":"https:\/\/weighstation.eu\/wp-includes\/images\/media\/default.png","width":1134,"height":757,"sizes":{"thumbnail":"https:\/\/weighstation.eu\/wp-content\/uploads\/2022\/10\/team_WS_claudia-150x150.jpg","thumbnail-width":150,"thumbnail-height":150,"medium":"https:\/\/weighstation.eu\/wp-content\/uploads\/2022\/10\/team_WS_claudia-300x200.jpg","medium-width":300,"medium-height":200,"medium_large":"https:\/\/weighstation.eu\/wp-content\/uploads\/2022\/10\/team_WS_claudia-768x513.jpg","medium_large-width":768,"medium_large-height":513,"large":"https:\/\/weighstation.eu\/wp-content\/uploads\/2022\/10\/team_WS_claudia-1024x684.jpg","large-width":1024,"large-height":684,"1536x1536":"https:\/\/weighstation.eu\/wp-content\/uploads\/2022\/10\/team_WS_claudia.jpg","1536x1536-width":1134,"1536x1536-height":757,"2048x2048":"https:\/\/weighstation.eu\/wp-content\/uploads\/2022\/10\/team_WS_claudia.jpg","2048x2048-width":1134,"2048x2048-height":757}},"category":"About"},"people":false,"logos":[{"title":"WS Supporters","description":"Weigh Station wird vom Amt f\u00fcr Kultur in italienischer Sprache der Autonomen Provinz Bozen \u2013 S\u00fcdtirol \u00fcber das Amt f\u00fcr Jugendpolitik, von der Gemeinde Bozen sowie von der Stiftung S\u00fcdtiroler Sparkasse unterst\u00fctzt.","list":[{"image":{"ID":2071,"id":2071,"title":"Provincia-logo-black","filename":"Provincia-logo-black.svg","filesize":52050,"url":"https:\/\/weighstation.eu\/wp-content\/uploads\/2021\/04\/Provincia-logo-black.svg","link":"https:\/\/weighstation.eu\/de\/chi-siamo\/provincia-logo-black-2\/","alt":"","author":"1","description":"","caption":"","name":"provincia-logo-black-2","status":"inherit","uploaded_to":19,"date":"2021-04-09 16:53:30","modified":"2021-04-09 16:53:30","menu_order":0,"mime_type":"image\/svg+xml","type":"image","subtype":"svg+xml","icon":"https:\/\/weighstation.eu\/wp-includes\/images\/media\/default.png","width":0,"height":0,"sizes":{"thumbnail":"https:\/\/weighstation.eu\/wp-content\/uploads\/2021\/04\/Provincia-logo-black.svg","thumbnail-width":1,"thumbnail-height":1,"medium":"https:\/\/weighstation.eu\/wp-content\/uploads\/2021\/04\/Provincia-logo-black.svg","medium-width":1,"medium-height":1,"medium_large":"https:\/\/weighstation.eu\/wp-content\/uploads\/2021\/04\/Provincia-logo-black.svg","medium_large-width":1,"medium_large-height":1,"large":"https:\/\/weighstation.eu\/wp-content\/uploads\/2021\/04\/Provincia-logo-black.svg","large-width":1,"large-height":1,"1536x1536":"https:\/\/weighstation.eu\/wp-content\/uploads\/2021\/04\/Provincia-logo-black.svg","1536x1536-width":1,"1536x1536-height":1,"2048x2048":"https:\/\/weighstation.eu\/wp-content\/uploads\/2021\/04\/Provincia-logo-black.svg","2048x2048-width":1,"2048x2048-height":1}}},{"image":{"ID":2072,"id":2072,"title":"Bolzano-logo-black","filename":"Bolzano-logo-black.svg","filesize":11080,"url":"https:\/\/weighstation.eu\/wp-content\/uploads\/2021\/04\/Bolzano-logo-black.svg","link":"https:\/\/weighstation.eu\/de\/chi-siamo\/bolzano-logo-black\/","alt":"","author":"1","description":"","caption":"","name":"bolzano-logo-black","status":"inherit","uploaded_to":19,"date":"2021-04-09 16:53:39","modified":"2021-04-09 16:53:39","menu_order":0,"mime_type":"image\/svg+xml","type":"image","subtype":"svg+xml","icon":"https:\/\/weighstation.eu\/wp-includes\/images\/media\/default.png","width":0,"height":0,"sizes":{"thumbnail":"https:\/\/weighstation.eu\/wp-content\/uploads\/2021\/04\/Bolzano-logo-black.svg","thumbnail-width":1,"thumbnail-height":1,"medium":"https:\/\/weighstation.eu\/wp-content\/uploads\/2021\/04\/Bolzano-logo-black.svg","medium-width":1,"medium-height":1,"medium_large":"https:\/\/weighstation.eu\/wp-content\/uploads\/2021\/04\/Bolzano-logo-black.svg","medium_large-width":1,"medium_large-height":1,"large":"https:\/\/weighstation.eu\/wp-content\/uploads\/2021\/04\/Bolzano-logo-black.svg","large-width":1,"large-height":1,"1536x1536":"https:\/\/weighstation.eu\/wp-content\/uploads\/2021\/04\/Bolzano-logo-black.svg","1536x1536-width":1,"1536x1536-height":1,"2048x2048":"https:\/\/weighstation.eu\/wp-content\/uploads\/2021\/04\/Bolzano-logo-black.svg","2048x2048-width":1,"2048x2048-height":1}}},{"image":{"ID":3532,"id":3532,"title":"Stiftung Fondazione Sparkasse bn 400px with border","filename":"Stiftung-Fondazione-Sparkasse-bn-400px-with-border.png","filesize":72032,"url":"https:\/\/weighstation.eu\/wp-content\/uploads\/2024\/03\/Stiftung-Fondazione-Sparkasse-bn-400px-with-border.png","link":"https:\/\/weighstation.eu\/de\/chi-siamo\/stiftung-fondazione-sparkasse-bn-400px-with-border\/","alt":"","author":"2","description":"","caption":"","name":"stiftung-fondazione-sparkasse-bn-400px-with-border","status":"inherit","uploaded_to":19,"date":"2024-03-08 10:25:12","modified":"2024-03-08 10:25:12","menu_order":0,"mime_type":"image\/png","type":"image","subtype":"png","icon":"https:\/\/weighstation.eu\/wp-includes\/images\/media\/default.png","width":1474,"height":1054,"sizes":{"thumbnail":"https:\/\/weighstation.eu\/wp-content\/uploads\/2024\/03\/Stiftung-Fondazione-Sparkasse-bn-400px-with-border.png","thumbnail-width":150,"thumbnail-height":107,"medium":"https:\/\/weighstation.eu\/wp-content\/uploads\/2024\/03\/Stiftung-Fondazione-Sparkasse-bn-400px-with-border.png","medium-width":300,"medium-height":215,"medium_large":"https:\/\/weighstation.eu\/wp-content\/uploads\/2024\/03\/Stiftung-Fondazione-Sparkasse-bn-400px-with-border.png","medium_large-width":768,"medium_large-height":549,"large":"https:\/\/weighstation.eu\/wp-content\/uploads\/2024\/03\/Stiftung-Fondazione-Sparkasse-bn-400px-with-border.png","large-width":1024,"large-height":732,"1536x1536":"https:\/\/weighstation.eu\/wp-content\/uploads\/2024\/03\/Stiftung-Fondazione-Sparkasse-bn-400px-with-border.png","1536x1536-width":1474,"1536x1536-height":1054,"2048x2048":"https:\/\/weighstation.eu\/wp-content\/uploads\/2024\/03\/Stiftung-Fondazione-Sparkasse-bn-400px-with-border.png","2048x2048-width":1474,"2048x2048-height":1054}}}]}],"info":{"color":"pink"},"blocks":[],"5x1000":{"flag":"Unterst\u00fctze Weigh Station ETS","title":"Spenden Sie Ihre 5\u00d71000","body":"<p>Weise deine 5 Promille Weigh Station ETS zu! F\u00fclle das Feld \u201eUNTERST\u00dcTZUNG F\u00dcR EINRICHTUNGEN DES DRITTEN SEKTORS\u201c deiner Steuererkl\u00e4rung mit deiner Unterschrift und folgender Steuernummer aus: \u00d83\u00d85742\u00d8212.<\/p>\n","image":{"ID":3232,"id":3232,"title":"brick","filename":"brick.svg","filesize":101216,"url":"https:\/\/weighstation.eu\/wp-content\/uploads\/2023\/03\/brick.svg","link":"https:\/\/weighstation.eu\/de\/contatti\/brick\/","alt":"","author":"1","description":"","caption":"","name":"brick","status":"inherit","uploaded_to":24,"date":"2023-03-31 13:24:59","modified":"2023-03-31 13:24:59","menu_order":0,"mime_type":"image\/svg+xml","type":"image","subtype":"svg+xml","icon":"https:\/\/weighstation.eu\/wp-includes\/images\/media\/default.png","width":0,"height":0,"sizes":{"thumbnail":"https:\/\/weighstation.eu\/wp-content\/uploads\/2023\/03\/brick.svg","thumbnail-width":1,"thumbnail-height":1,"medium":"https:\/\/weighstation.eu\/wp-content\/uploads\/2023\/03\/brick.svg","medium-width":1,"medium-height":1,"medium_large":"https:\/\/weighstation.eu\/wp-content\/uploads\/2023\/03\/brick.svg","medium_large-width":1,"medium_large-height":1,"large":"https:\/\/weighstation.eu\/wp-content\/uploads\/2023\/03\/brick.svg","large-width":1,"large-height":1,"1536x1536":"https:\/\/weighstation.eu\/wp-content\/uploads\/2023\/03\/brick.svg","1536x1536-width":1,"1536x1536-height":1,"2048x2048":"https:\/\/weighstation.eu\/wp-content\/uploads\/2023\/03\/brick.svg","2048x2048-width":1,"2048x2048-height":1}},"background":"#28f9ee"}},"_links":{"self":[{"href":"https:\/\/weighstation.eu\/de\/wp-json\/wp\/v2\/pages\/19","targetHints":{"allow":["GET"]}}],"collection":[{"href":"https:\/\/weighstation.eu\/de\/wp-json\/wp\/v2\/pages"}],"about":[{"href":"https:\/\/weighstation.eu\/de\/wp-json\/wp\/v2\/types\/page"}],"author":[{"embeddable":true,"href":"https:\/\/weighstation.eu\/de\/wp-json\/wp\/v2\/users\/1"}],"replies":[{"embeddable":true,"href":"https:\/\/weighstation.eu\/de\/wp-json\/wp\/v2\/comments?post=19"}],"version-history":[{"count":72,"href":"https:\/\/weighstation.eu\/de\/wp-json\/wp\/v2\/pages\/19\/revisions"}],"predecessor-version":[{"id":4224,"href":"https:\/\/weighstation.eu\/de\/wp-json\/wp\/v2\/pages\/19\/revisions\/4224"}],"wp:attachment":[{"href":"https:\/\/weighstation.eu\/de\/wp-json\/wp\/v2\/media?parent=19"}],"curies":[{"name":"wp","href":"https:\/\/api.w.org\/{rel}","templated":true}]}}