{"id":22,"date":"2021-02-10T16:26:56","date_gmt":"2021-02-10T16:26:56","guid":{"rendered":"http:\/\/wp.ws.test\/?page_id=22"},"modified":"2025-02-24T14:11:07","modified_gmt":"2025-02-24T14:11:07","slug":"waaghaus","status":"publish","type":"page","link":"https:\/\/weighstation.eu\/de\/waaghaus\/","title":{"rendered":"Waaghaus"},"content":{"rendered":"","protected":false},"excerpt":{"rendered":"","protected":false},"author":1,"featured_media":0,"parent":0,"menu_order":6,"comment_status":"closed","ping_status":"closed","template":"","meta":{"footnotes":""},"class_list":["post-22","page","type-page","status-publish","hentry"],"yoast_head":"<!-- This site is optimized with the Yoast SEO plugin v27.4 - https:\/\/yoast.com\/product\/yoast-seo-wordpress\/ -->\n<title>Waaghaus - Weigh Station<\/title>\n<meta name=\"robots\" content=\"index, follow, max-snippet:-1, max-image-preview:large, max-video-preview:-1\" \/>\n<link rel=\"canonical\" href=\"https:\/\/weighstation.eu\/waaghaus\/\" \/>\n<meta property=\"og:locale\" content=\"de_DE\" \/>\n<meta property=\"og:type\" content=\"article\" \/>\n<meta property=\"og:title\" content=\"[:it]Casa della Pesa[:de]Waaghaus[:en]Waaghaus[:] - Weigh Station\" \/>\n<meta property=\"og:url\" content=\"https:\/\/weighstation.eu\/waaghaus\/\" \/>\n<meta property=\"og:site_name\" content=\"Weigh Station\" \/>\n<meta property=\"article:publisher\" content=\"https:\/\/www.facebook.com\/weighstationbz\" \/>\n<meta property=\"article:modified_time\" content=\"2025-02-24T14:11:07+00:00\" \/>\n<meta property=\"og:image\" content=\"https:\/\/weighstation.eu\/wp-content\/uploads\/2025\/01\/Tavola_disegno_1.png\" \/>\n\t<meta property=\"og:image:width\" content=\"1200\" \/>\n\t<meta property=\"og:image:height\" content=\"628\" \/>\n\t<meta property=\"og:image:type\" content=\"image\/png\" \/>\n<meta name=\"twitter:card\" content=\"summary_large_image\" \/>\n<script type=\"application\/ld+json\" class=\"yoast-schema-graph\">{\"@context\":\"https:\\\/\\\/schema.org\",\"@graph\":[{\"@type\":\"WebPage\",\"@id\":\"https:\\\/\\\/weighstation.eu\\\/waaghaus\\\/\",\"url\":\"https:\\\/\\\/weighstation.eu\\\/waaghaus\\\/\",\"name\":\"[:it]Casa della Pesa[:de]Waaghaus[:en]Waaghaus[:] - Weigh Station\",\"isPartOf\":{\"@id\":\"https:\\\/\\\/weighstation.eu\\\/#website\"},\"datePublished\":\"2021-02-10T16:26:56+00:00\",\"dateModified\":\"2025-02-24T14:11:07+00:00\",\"breadcrumb\":{\"@id\":\"https:\\\/\\\/weighstation.eu\\\/waaghaus\\\/#breadcrumb\"},\"inLanguage\":\"de\",\"potentialAction\":[{\"@type\":\"ReadAction\",\"target\":[\"https:\\\/\\\/weighstation.eu\\\/waaghaus\\\/\"]}]},{\"@type\":\"BreadcrumbList\",\"@id\":\"https:\\\/\\\/weighstation.eu\\\/waaghaus\\\/#breadcrumb\",\"itemListElement\":[{\"@type\":\"ListItem\",\"position\":1,\"name\":\"Home\",\"item\":\"https:\\\/\\\/weighstation.eu\\\/\"},{\"@type\":\"ListItem\",\"position\":2,\"name\":\"Casa della Pesa\"}]},{\"@type\":\"WebSite\",\"@id\":\"https:\\\/\\\/weighstation.eu\\\/#website\",\"url\":\"https:\\\/\\\/weighstation.eu\\\/\",\"name\":\"Weigh Station\",\"description\":\"Tutti gli appuntamenti di Weigh Station da non perdere, ci vediamo a Casa della Pesa \u2013 suona il campanello, siamo al secondo piano \u2013 oppure online.\",\"publisher\":{\"@id\":\"https:\\\/\\\/weighstation.eu\\\/#organization\"},\"potentialAction\":[{\"@type\":\"SearchAction\",\"target\":{\"@type\":\"EntryPoint\",\"urlTemplate\":\"https:\\\/\\\/weighstation.eu\\\/?s={search_term_string}\"},\"query-input\":{\"@type\":\"PropertyValueSpecification\",\"valueRequired\":true,\"valueName\":\"search_term_string\"}}],\"inLanguage\":\"de\"},{\"@type\":\"Organization\",\"@id\":\"https:\\\/\\\/weighstation.eu\\\/#organization\",\"name\":\"Weigh Station\",\"alternateName\":\"Weigh Station ETS\",\"url\":\"https:\\\/\\\/weighstation.eu\\\/\",\"logo\":{\"@type\":\"ImageObject\",\"inLanguage\":\"de\",\"@id\":\"https:\\\/\\\/weighstation.eu\\\/#\\\/schema\\\/logo\\\/image\\\/\",\"url\":\"https:\\\/\\\/weighstation.eu\\\/wp-content\\\/uploads\\\/2025\\\/01\\\/WS-LogoOrganizzazione.png\",\"contentUrl\":\"https:\\\/\\\/weighstation.eu\\\/wp-content\\\/uploads\\\/2025\\\/01\\\/WS-LogoOrganizzazione.png\",\"width\":1200,\"height\":1200,\"caption\":\"Weigh Station\"},\"image\":{\"@id\":\"https:\\\/\\\/weighstation.eu\\\/#\\\/schema\\\/logo\\\/image\\\/\"},\"sameAs\":[\"https:\\\/\\\/www.facebook.com\\\/weighstationbz\",\"https:\\\/\\\/www.instagram.com\\\/weigh_station\\\/\"]}]}<\/script>\n<!-- \/ Yoast SEO plugin. -->","yoast_head_json":{"title":"[:it]Casa della Pesa[:de]Waaghaus[:en]Waaghaus[:] - Weigh Station","robots":{"index":"index","follow":"follow","max-snippet":"max-snippet:-1","max-image-preview":"max-image-preview:large","max-video-preview":"max-video-preview:-1"},"canonical":"https:\/\/weighstation.eu\/waaghaus\/","og_locale":"de_DE","og_type":"article","og_title":"[:it]Casa della Pesa[:de]Waaghaus[:en]Waaghaus[:] - Weigh Station","og_url":"https:\/\/weighstation.eu\/waaghaus\/","og_site_name":"Weigh Station","article_publisher":"https:\/\/www.facebook.com\/weighstationbz","article_modified_time":"2025-02-24T14:11:07+00:00","og_image":[{"width":1200,"height":628,"url":"https:\/\/weighstation.eu\/wp-content\/uploads\/2025\/01\/Tavola_disegno_1.png","type":"image\/png"}],"twitter_card":"summary_large_image","schema":{"@context":"https:\/\/schema.org","@graph":[{"@type":"WebPage","@id":"https:\/\/weighstation.eu\/waaghaus\/","url":"https:\/\/weighstation.eu\/waaghaus\/","name":"[:it]Casa della Pesa[:de]Waaghaus[:en]Waaghaus[:] - Weigh Station","isPartOf":{"@id":"https:\/\/weighstation.eu\/#website"},"datePublished":"2021-02-10T16:26:56+00:00","dateModified":"2025-02-24T14:11:07+00:00","breadcrumb":{"@id":"https:\/\/weighstation.eu\/waaghaus\/#breadcrumb"},"inLanguage":"de","potentialAction":[{"@type":"ReadAction","target":["https:\/\/weighstation.eu\/waaghaus\/"]}]},{"@type":"BreadcrumbList","@id":"https:\/\/weighstation.eu\/waaghaus\/#breadcrumb","itemListElement":[{"@type":"ListItem","position":1,"name":"Home","item":"https:\/\/weighstation.eu\/"},{"@type":"ListItem","position":2,"name":"Casa della Pesa"}]},{"@type":"WebSite","@id":"https:\/\/weighstation.eu\/#website","url":"https:\/\/weighstation.eu\/","name":"Weigh Station","description":"Tutti gli appuntamenti di Weigh Station da non perdere, ci vediamo a Casa della Pesa \u2013 suona il campanello, siamo al secondo piano \u2013 oppure online.","publisher":{"@id":"https:\/\/weighstation.eu\/#organization"},"potentialAction":[{"@type":"SearchAction","target":{"@type":"EntryPoint","urlTemplate":"https:\/\/weighstation.eu\/?s={search_term_string}"},"query-input":{"@type":"PropertyValueSpecification","valueRequired":true,"valueName":"search_term_string"}}],"inLanguage":"de"},{"@type":"Organization","@id":"https:\/\/weighstation.eu\/#organization","name":"Weigh Station","alternateName":"Weigh Station ETS","url":"https:\/\/weighstation.eu\/","logo":{"@type":"ImageObject","inLanguage":"de","@id":"https:\/\/weighstation.eu\/#\/schema\/logo\/image\/","url":"https:\/\/weighstation.eu\/wp-content\/uploads\/2025\/01\/WS-LogoOrganizzazione.png","contentUrl":"https:\/\/weighstation.eu\/wp-content\/uploads\/2025\/01\/WS-LogoOrganizzazione.png","width":1200,"height":1200,"caption":"Weigh Station"},"image":{"@id":"https:\/\/weighstation.eu\/#\/schema\/logo\/image\/"},"sameAs":["https:\/\/www.facebook.com\/weighstationbz","https:\/\/www.instagram.com\/weigh_station\/"]}]}},"acf":{"content":{"type":"single","description":"","body":"<p>Weigh Station ist Teil des Projektes Waag und teilt die R\u00e4umlichkeiten im Waaghaus \u2013 ihr B\u00fcro befindet sich im zweiten Stock \u2013 mit den anderen Projektpartnern:<\/p>\n<p>Waag ist Raum f\u00fcr Kultur in Bozen. In diesem einzigartigen Haus wird Kultur geschaffen, gelebt und verbreitet. Waag ist im steten Wandel. Die Bewohner des Hauses leben von und f\u00fcr die Kultur, und lassen sie in verschiedenen Formen entstehen.<\/p>\n<p>Waag ist ein offenes Haus f\u00fcr diejenigen, die diese Vision teilen wollen. Menschen, die neugierig sind, sich einbringen wollen, das Haus mitgestalten oder hier einfach nur verweilen wollen, sind willkommen. Waag ist die Zusammenkunft von Bolzano Film Festival Bozen, S\u00fcdtirol Jazzfestival Alto Adige, Fondazione Busoni-Mahler Stiftung, Weigh Station und Euregio. Das Haus ist Raum f\u00fcr ihre T\u00e4tigkeiten, Zusammenarbeiten und Neuentstehungen.<\/p>\n<p>Waag ist Haus f\u00fcr Caf\u00e9, Kunst- und Ticketshop, Kulturinformation- und kommunikation, Meet &amp; Work f\u00fcr Besprechungen und Seminare, Keller f\u00fcr Konzerte, Lesungen, Performances und vielem mehr. Waag ist ein lebendiger Ort f\u00fcr freie Geister.<\/p>\n","columns":{"left":"","right":""}},"hero":{"image":{"ID":553,"id":553,"title":"Weigh_Station-Waaghaus","filename":"Weigh_Station-Waaghaus.jpg","filesize":1084961,"url":"https:\/\/weighstation.eu\/wp-content\/uploads\/2021\/03\/Weigh_Station-Waaghaus.jpg","link":"https:\/\/weighstation.eu\/de\/waaghaus\/weigh_station-waaghaus\/","alt":"","author":"1","description":"","caption":"","name":"weigh_station-waaghaus","status":"inherit","uploaded_to":22,"date":"2021-03-31 10:40:47","modified":"2021-03-31 10:40:47","menu_order":0,"mime_type":"image\/jpeg","type":"image","subtype":"jpeg","icon":"https:\/\/weighstation.eu\/wp-includes\/images\/media\/default.png","width":1280,"height":847,"sizes":{"thumbnail":"https:\/\/weighstation.eu\/wp-content\/uploads\/2021\/03\/Weigh_Station-Waaghaus-150x150.jpg","thumbnail-width":150,"thumbnail-height":150,"medium":"https:\/\/weighstation.eu\/wp-content\/uploads\/2021\/03\/Weigh_Station-Waaghaus-300x199.jpg","medium-width":300,"medium-height":199,"medium_large":"https:\/\/weighstation.eu\/wp-content\/uploads\/2021\/03\/Weigh_Station-Waaghaus-768x508.jpg","medium_large-width":768,"medium_large-height":508,"large":"https:\/\/weighstation.eu\/wp-content\/uploads\/2021\/03\/Weigh_Station-Waaghaus-1024x678.jpg","large-width":1024,"large-height":678,"1536x1536":"https:\/\/weighstation.eu\/wp-content\/uploads\/2021\/03\/Weigh_Station-Waaghaus.jpg","1536x1536-width":1280,"1536x1536-height":847,"2048x2048":"https:\/\/weighstation.eu\/wp-content\/uploads\/2021\/03\/Weigh_Station-Waaghaus.jpg","2048x2048-width":1280,"2048x2048-height":847}},"category":""},"info":{"color":"pink"},"blocks":[{"acf_fc_layout":"attachments","sections":[{"title":"","links":[{"label":"Waaghaus","url":"https:\/\/waaghaus.eu\/it\/"}]}],"project":"error"}]},"_links":{"self":[{"href":"https:\/\/weighstation.eu\/de\/wp-json\/wp\/v2\/pages\/22","targetHints":{"allow":["GET"]}}],"collection":[{"href":"https:\/\/weighstation.eu\/de\/wp-json\/wp\/v2\/pages"}],"about":[{"href":"https:\/\/weighstation.eu\/de\/wp-json\/wp\/v2\/types\/page"}],"author":[{"embeddable":true,"href":"https:\/\/weighstation.eu\/de\/wp-json\/wp\/v2\/users\/1"}],"replies":[{"embeddable":true,"href":"https:\/\/weighstation.eu\/de\/wp-json\/wp\/v2\/comments?post=22"}],"version-history":[{"count":17,"href":"https:\/\/weighstation.eu\/de\/wp-json\/wp\/v2\/pages\/22\/revisions"}],"predecessor-version":[{"id":3819,"href":"https:\/\/weighstation.eu\/de\/wp-json\/wp\/v2\/pages\/22\/revisions\/3819"}],"wp:attachment":[{"href":"https:\/\/weighstation.eu\/de\/wp-json\/wp\/v2\/media?parent=22"}],"curies":[{"name":"wp","href":"https:\/\/api.w.org\/{rel}","templated":true}]}}