{"id":24,"date":"2021-02-10T16:27:01","date_gmt":"2021-02-10T16:27:01","guid":{"rendered":"http:\/\/wp.ws.test\/?page_id=24"},"modified":"2025-02-24T15:06:36","modified_gmt":"2025-02-24T15:06:36","slug":"contatti","status":"publish","type":"page","link":"https:\/\/weighstation.eu\/de\/contatti\/","title":{"rendered":"Kontakte"},"content":{"rendered":"","protected":false},"excerpt":{"rendered":"","protected":false},"author":1,"featured_media":0,"parent":0,"menu_order":5,"comment_status":"closed","ping_status":"closed","template":"templates\/contacts.php","meta":{"footnotes":""},"class_list":["post-24","page","type-page","status-publish","hentry"],"yoast_head":"<!-- This site is optimized with the Yoast SEO plugin v27.5 - https:\/\/yoast.com\/product\/yoast-seo-wordpress\/ -->\n<title>Kontakte - Weigh Station<\/title>\n<meta name=\"robots\" content=\"index, follow, max-snippet:-1, max-image-preview:large, max-video-preview:-1\" \/>\n<link rel=\"canonical\" href=\"https:\/\/weighstation.eu\/contatti\/\" \/>\n<meta property=\"og:locale\" content=\"de_DE\" \/>\n<meta property=\"og:type\" content=\"article\" \/>\n<meta property=\"og:title\" content=\"[:it]Contatti[:de]Kontakte[:en]Contact Us[:] - Weigh Station\" \/>\n<meta property=\"og:url\" content=\"https:\/\/weighstation.eu\/contatti\/\" \/>\n<meta property=\"og:site_name\" content=\"Weigh Station\" \/>\n<meta property=\"article:publisher\" content=\"https:\/\/www.facebook.com\/weighstationbz\" \/>\n<meta property=\"article:modified_time\" content=\"2025-02-24T15:06:36+00:00\" \/>\n<meta property=\"og:image\" content=\"https:\/\/weighstation.eu\/wp-content\/uploads\/2025\/01\/Tavola_disegno_1.png\" \/>\n\t<meta property=\"og:image:width\" content=\"1200\" \/>\n\t<meta property=\"og:image:height\" content=\"628\" \/>\n\t<meta property=\"og:image:type\" content=\"image\/png\" \/>\n<meta name=\"twitter:card\" content=\"summary_large_image\" \/>\n<script type=\"application\/ld+json\" class=\"yoast-schema-graph\">{\"@context\":\"https:\\\/\\\/schema.org\",\"@graph\":[{\"@type\":\"WebPage\",\"@id\":\"https:\\\/\\\/weighstation.eu\\\/contatti\\\/\",\"url\":\"https:\\\/\\\/weighstation.eu\\\/contatti\\\/\",\"name\":\"[:it]Contatti[:de]Kontakte[:en]Contact Us[:] - Weigh Station\",\"isPartOf\":{\"@id\":\"https:\\\/\\\/weighstation.eu\\\/#website\"},\"datePublished\":\"2021-02-10T16:27:01+00:00\",\"dateModified\":\"2025-02-24T15:06:36+00:00\",\"breadcrumb\":{\"@id\":\"https:\\\/\\\/weighstation.eu\\\/contatti\\\/#breadcrumb\"},\"inLanguage\":\"de\",\"potentialAction\":[{\"@type\":\"ReadAction\",\"target\":[\"https:\\\/\\\/weighstation.eu\\\/contatti\\\/\"]}]},{\"@type\":\"BreadcrumbList\",\"@id\":\"https:\\\/\\\/weighstation.eu\\\/contatti\\\/#breadcrumb\",\"itemListElement\":[{\"@type\":\"ListItem\",\"position\":1,\"name\":\"Home\",\"item\":\"https:\\\/\\\/weighstation.eu\\\/\"},{\"@type\":\"ListItem\",\"position\":2,\"name\":\"Contatti\"}]},{\"@type\":\"WebSite\",\"@id\":\"https:\\\/\\\/weighstation.eu\\\/#website\",\"url\":\"https:\\\/\\\/weighstation.eu\\\/\",\"name\":\"Weigh Station\",\"description\":\"Tutti gli appuntamenti di Weigh Station da non perdere, ci vediamo a Casa della Pesa \u2013 suona il campanello, siamo al secondo piano \u2013 oppure online.\",\"publisher\":{\"@id\":\"https:\\\/\\\/weighstation.eu\\\/#organization\"},\"potentialAction\":[{\"@type\":\"SearchAction\",\"target\":{\"@type\":\"EntryPoint\",\"urlTemplate\":\"https:\\\/\\\/weighstation.eu\\\/?s={search_term_string}\"},\"query-input\":{\"@type\":\"PropertyValueSpecification\",\"valueRequired\":true,\"valueName\":\"search_term_string\"}}],\"inLanguage\":\"de\"},{\"@type\":\"Organization\",\"@id\":\"https:\\\/\\\/weighstation.eu\\\/#organization\",\"name\":\"Weigh Station\",\"alternateName\":\"Weigh Station ETS\",\"url\":\"https:\\\/\\\/weighstation.eu\\\/\",\"logo\":{\"@type\":\"ImageObject\",\"inLanguage\":\"de\",\"@id\":\"https:\\\/\\\/weighstation.eu\\\/#\\\/schema\\\/logo\\\/image\\\/\",\"url\":\"https:\\\/\\\/weighstation.eu\\\/wp-content\\\/uploads\\\/2025\\\/01\\\/WS-LogoOrganizzazione.png\",\"contentUrl\":\"https:\\\/\\\/weighstation.eu\\\/wp-content\\\/uploads\\\/2025\\\/01\\\/WS-LogoOrganizzazione.png\",\"width\":1200,\"height\":1200,\"caption\":\"Weigh Station\"},\"image\":{\"@id\":\"https:\\\/\\\/weighstation.eu\\\/#\\\/schema\\\/logo\\\/image\\\/\"},\"sameAs\":[\"https:\\\/\\\/www.facebook.com\\\/weighstationbz\",\"https:\\\/\\\/www.instagram.com\\\/weigh_station\\\/\"]}]}<\/script>\n<!-- \/ Yoast SEO plugin. -->","yoast_head_json":{"title":"[:it]Contatti[:de]Kontakte[:en]Contact Us[:] - Weigh Station","robots":{"index":"index","follow":"follow","max-snippet":"max-snippet:-1","max-image-preview":"max-image-preview:large","max-video-preview":"max-video-preview:-1"},"canonical":"https:\/\/weighstation.eu\/contatti\/","og_locale":"de_DE","og_type":"article","og_title":"[:it]Contatti[:de]Kontakte[:en]Contact Us[:] - Weigh Station","og_url":"https:\/\/weighstation.eu\/contatti\/","og_site_name":"Weigh Station","article_publisher":"https:\/\/www.facebook.com\/weighstationbz","article_modified_time":"2025-02-24T15:06:36+00:00","og_image":[{"width":1200,"height":628,"url":"https:\/\/weighstation.eu\/wp-content\/uploads\/2025\/01\/Tavola_disegno_1.png","type":"image\/png"}],"twitter_card":"summary_large_image","schema":{"@context":"https:\/\/schema.org","@graph":[{"@type":"WebPage","@id":"https:\/\/weighstation.eu\/contatti\/","url":"https:\/\/weighstation.eu\/contatti\/","name":"[:it]Contatti[:de]Kontakte[:en]Contact Us[:] - Weigh Station","isPartOf":{"@id":"https:\/\/weighstation.eu\/#website"},"datePublished":"2021-02-10T16:27:01+00:00","dateModified":"2025-02-24T15:06:36+00:00","breadcrumb":{"@id":"https:\/\/weighstation.eu\/contatti\/#breadcrumb"},"inLanguage":"de","potentialAction":[{"@type":"ReadAction","target":["https:\/\/weighstation.eu\/contatti\/"]}]},{"@type":"BreadcrumbList","@id":"https:\/\/weighstation.eu\/contatti\/#breadcrumb","itemListElement":[{"@type":"ListItem","position":1,"name":"Home","item":"https:\/\/weighstation.eu\/"},{"@type":"ListItem","position":2,"name":"Contatti"}]},{"@type":"WebSite","@id":"https:\/\/weighstation.eu\/#website","url":"https:\/\/weighstation.eu\/","name":"Weigh Station","description":"Tutti gli appuntamenti di Weigh Station da non perdere, ci vediamo a Casa della Pesa \u2013 suona il campanello, siamo al secondo piano \u2013 oppure online.","publisher":{"@id":"https:\/\/weighstation.eu\/#organization"},"potentialAction":[{"@type":"SearchAction","target":{"@type":"EntryPoint","urlTemplate":"https:\/\/weighstation.eu\/?s={search_term_string}"},"query-input":{"@type":"PropertyValueSpecification","valueRequired":true,"valueName":"search_term_string"}}],"inLanguage":"de"},{"@type":"Organization","@id":"https:\/\/weighstation.eu\/#organization","name":"Weigh Station","alternateName":"Weigh Station ETS","url":"https:\/\/weighstation.eu\/","logo":{"@type":"ImageObject","inLanguage":"de","@id":"https:\/\/weighstation.eu\/#\/schema\/logo\/image\/","url":"https:\/\/weighstation.eu\/wp-content\/uploads\/2025\/01\/WS-LogoOrganizzazione.png","contentUrl":"https:\/\/weighstation.eu\/wp-content\/uploads\/2025\/01\/WS-LogoOrganizzazione.png","width":1200,"height":1200,"caption":"Weigh Station"},"image":{"@id":"https:\/\/weighstation.eu\/#\/schema\/logo\/image\/"},"sameAs":["https:\/\/www.facebook.com\/weighstationbz","https:\/\/www.instagram.com\/weigh_station\/"]}]}},"acf":{"hero":{"image":false,"category":""},"content":{"type":"double","description":"<p>Weigh Station ETS<\/p>\n","body":"","columns":{"left":"<p>Postadresse:<br \/>\nvia Portici 19\/a Laubengasse<br \/>\n39100 Bolzano (BZ) Bozen<br \/>\nItaly<\/p>\n<p>C.f. e P.I. 03057420212<br \/>\nCod. Dest. M5UXCR1<\/p>\n<p><a href=\"mailto:weighstation@pec.it\">weighstation@pec.it<\/a><\/p>\n","right":"<p><a href=\"http:\/\/weighstation.eu\">www.weighstation.eu<\/a><\/p>\n<p><a href=\"mailto:hello@weighstation.eu\">hello@weighstation.eu<\/a><br \/>\n<a href=\"mailto:wall@weighstation.eu\">wall@weighstation.eu<\/a><\/p>\n<p><a href=\"https:\/\/www.facebook.com\/weighstationbz\/\">Facebook<\/a><br \/>\n<a href=\"https:\/\/www.instagram.com\/weigh_station\/\">Instagram<\/a><br \/>\n<a href=\"https:\/\/www.youtube.com\/channel\/UCxGjy31Qm1IZJ2BVQBlQAzg\">Youtube<\/a><\/p>\n"}},"people":false,"logos":false,"info":{"color":"pink"},"blocks":[],"5x1000":{"flag":"Unterst\u00fctze Weigh Station ETS","title":"Spenden Sie Ihre 5\u00d71000","body":"<p><strong>Weise deine 5 Promille Weigh Station ETS zu! F\u00fclle das Feld \u201eUNTERST\u00dcTZUNG F\u00dcR EINRICHTUNGEN DES DRITTEN SEKTORS\u201c deiner Steuererkl\u00e4rung mit deiner Unterschrift und folgender Steuernummer aus: \u00d83\u00d85742\u00d8212.<\/strong><\/p>\n<p>Weigh\u00a0Station\u00a0ETS zu unterst\u00fctzen bedeutet, die Community junger Kultur- und Kreativschaffenden in S\u00fcdtirol zu f\u00f6rdern und dazu beizutragen, die Entwicklung der Kreativ- und Kulturindustrie in der Provinz durch gezielte Arbeits-, Ausbildungs- und Vernetzungsangebote anzutreiben.<\/p>\n<p>Mit den 5\u00a0Promille geht das ganz einfach! Beim Ausf\u00fcllen der Steuererkl\u00e4rung (egal um welchen Vordruck es sich handelt: modello integrativo CUD, modello\u00a0Unico oder modello\u00a0730) findest du einen Abschnitt zur Zweckbestimmung der 5\u00a0Promille. F\u00fclle einfach das Feld UNTERST\u00dcTZUNG F\u00dcR EINRICHTUNGEN DES DRITTEN SEKTORS mit der Steuernummer von Weigh\u00a0Station\u00a0ETS 03057420212 und deiner Unterschrift aus.<\/p>\n","image":{"ID":3232,"id":3232,"title":"brick","filename":"brick.svg","filesize":101216,"url":"https:\/\/weighstation.eu\/wp-content\/uploads\/2023\/03\/brick.svg","link":"https:\/\/weighstation.eu\/de\/contatti\/brick\/","alt":"","author":"1","description":"","caption":"","name":"brick","status":"inherit","uploaded_to":24,"date":"2023-03-31 13:24:59","modified":"2023-03-31 13:24:59","menu_order":0,"mime_type":"image\/svg+xml","type":"image","subtype":"svg+xml","icon":"https:\/\/weighstation.eu\/wp-includes\/images\/media\/default.png","width":0,"height":0,"sizes":{"thumbnail":"https:\/\/weighstation.eu\/wp-content\/uploads\/2023\/03\/brick.svg","thumbnail-width":1,"thumbnail-height":1,"medium":"https:\/\/weighstation.eu\/wp-content\/uploads\/2023\/03\/brick.svg","medium-width":1,"medium-height":1,"medium_large":"https:\/\/weighstation.eu\/wp-content\/uploads\/2023\/03\/brick.svg","medium_large-width":1,"medium_large-height":1,"large":"https:\/\/weighstation.eu\/wp-content\/uploads\/2023\/03\/brick.svg","large-width":1,"large-height":1,"1536x1536":"https:\/\/weighstation.eu\/wp-content\/uploads\/2023\/03\/brick.svg","1536x1536-width":1,"1536x1536-height":1,"2048x2048":"https:\/\/weighstation.eu\/wp-content\/uploads\/2023\/03\/brick.svg","2048x2048-width":1,"2048x2048-height":1}},"background":"#28f9ee"}},"_links":{"self":[{"href":"https:\/\/weighstation.eu\/de\/wp-json\/wp\/v2\/pages\/24","targetHints":{"allow":["GET"]}}],"collection":[{"href":"https:\/\/weighstation.eu\/de\/wp-json\/wp\/v2\/pages"}],"about":[{"href":"https:\/\/weighstation.eu\/de\/wp-json\/wp\/v2\/types\/page"}],"author":[{"embeddable":true,"href":"https:\/\/weighstation.eu\/de\/wp-json\/wp\/v2\/users\/1"}],"replies":[{"embeddable":true,"href":"https:\/\/weighstation.eu\/de\/wp-json\/wp\/v2\/comments?post=24"}],"version-history":[{"count":28,"href":"https:\/\/weighstation.eu\/de\/wp-json\/wp\/v2\/pages\/24\/revisions"}],"predecessor-version":[{"id":3827,"href":"https:\/\/weighstation.eu\/de\/wp-json\/wp\/v2\/pages\/24\/revisions\/3827"}],"wp:attachment":[{"href":"https:\/\/weighstation.eu\/de\/wp-json\/wp\/v2\/media?parent=24"}],"curies":[{"name":"wp","href":"https:\/\/api.w.org\/{rel}","templated":true}]}}