{"id":19,"date":"2021-02-10T16:26:40","date_gmt":"2021-02-10T16:26:40","guid":{"rendered":"http:\/\/wp.ws.test\/?page_id=19"},"modified":"2026-02-25T17:06:10","modified_gmt":"2026-02-25T17:06:10","slug":"chi-siamo","status":"publish","type":"page","link":"https:\/\/weighstation.eu\/en\/chi-siamo\/","title":{"rendered":"About Us"},"content":{"rendered":"","protected":false},"excerpt":{"rendered":"","protected":false},"author":1,"featured_media":0,"parent":0,"menu_order":7,"comment_status":"closed","ping_status":"closed","template":"templates\/about.php","meta":{"footnotes":""},"class_list":["post-19","page","type-page","status-publish","hentry"],"yoast_head":"<!-- This site is optimized with the Yoast SEO plugin v27.5 - https:\/\/yoast.com\/product\/yoast-seo-wordpress\/ -->\n<title>About Us - Weigh Station<\/title>\n<meta name=\"robots\" content=\"index, follow, max-snippet:-1, max-image-preview:large, max-video-preview:-1\" \/>\n<link rel=\"canonical\" href=\"https:\/\/weighstation.eu\/chi-siamo\/\" \/>\n<meta property=\"og:locale\" content=\"en_US\" \/>\n<meta property=\"og:type\" content=\"article\" \/>\n<meta property=\"og:title\" content=\"[:it]Chi Siamo[:de]\u00dcber Uns[:en]About Us[:] - Weigh Station\" \/>\n<meta property=\"og:url\" content=\"https:\/\/weighstation.eu\/chi-siamo\/\" \/>\n<meta property=\"og:site_name\" content=\"Weigh Station\" \/>\n<meta property=\"article:publisher\" content=\"https:\/\/www.facebook.com\/weighstationbz\" \/>\n<meta property=\"article:modified_time\" content=\"2026-02-25T17:06:10+00:00\" \/>\n<meta property=\"og:image\" content=\"https:\/\/weighstation.eu\/wp-content\/uploads\/2025\/01\/Tavola_disegno_1.png\" \/>\n\t<meta property=\"og:image:width\" content=\"1200\" \/>\n\t<meta property=\"og:image:height\" content=\"628\" \/>\n\t<meta property=\"og:image:type\" content=\"image\/png\" \/>\n<meta name=\"twitter:card\" content=\"summary_large_image\" \/>\n<script type=\"application\/ld+json\" class=\"yoast-schema-graph\">{\"@context\":\"https:\\\/\\\/schema.org\",\"@graph\":[{\"@type\":\"WebPage\",\"@id\":\"https:\\\/\\\/weighstation.eu\\\/chi-siamo\\\/\",\"url\":\"https:\\\/\\\/weighstation.eu\\\/chi-siamo\\\/\",\"name\":\"[:it]Chi Siamo[:de]\u00dcber Uns[:en]About Us[:] - Weigh Station\",\"isPartOf\":{\"@id\":\"https:\\\/\\\/weighstation.eu\\\/#website\"},\"datePublished\":\"2021-02-10T16:26:40+00:00\",\"dateModified\":\"2026-02-25T17:06:10+00:00\",\"breadcrumb\":{\"@id\":\"https:\\\/\\\/weighstation.eu\\\/chi-siamo\\\/#breadcrumb\"},\"inLanguage\":\"en-US\",\"potentialAction\":[{\"@type\":\"ReadAction\",\"target\":[\"https:\\\/\\\/weighstation.eu\\\/chi-siamo\\\/\"]}]},{\"@type\":\"BreadcrumbList\",\"@id\":\"https:\\\/\\\/weighstation.eu\\\/chi-siamo\\\/#breadcrumb\",\"itemListElement\":[{\"@type\":\"ListItem\",\"position\":1,\"name\":\"Home\",\"item\":\"https:\\\/\\\/weighstation.eu\\\/\"},{\"@type\":\"ListItem\",\"position\":2,\"name\":\"Chi Siamo\"}]},{\"@type\":\"WebSite\",\"@id\":\"https:\\\/\\\/weighstation.eu\\\/#website\",\"url\":\"https:\\\/\\\/weighstation.eu\\\/\",\"name\":\"Weigh Station\",\"description\":\"Tutti gli appuntamenti di Weigh Station da non perdere, ci vediamo a Casa della Pesa \u2013 suona il campanello, siamo al secondo piano \u2013 oppure online.\",\"publisher\":{\"@id\":\"https:\\\/\\\/weighstation.eu\\\/#organization\"},\"potentialAction\":[{\"@type\":\"SearchAction\",\"target\":{\"@type\":\"EntryPoint\",\"urlTemplate\":\"https:\\\/\\\/weighstation.eu\\\/?s={search_term_string}\"},\"query-input\":{\"@type\":\"PropertyValueSpecification\",\"valueRequired\":true,\"valueName\":\"search_term_string\"}}],\"inLanguage\":\"en-US\"},{\"@type\":\"Organization\",\"@id\":\"https:\\\/\\\/weighstation.eu\\\/#organization\",\"name\":\"Weigh Station\",\"alternateName\":\"Weigh Station ETS\",\"url\":\"https:\\\/\\\/weighstation.eu\\\/\",\"logo\":{\"@type\":\"ImageObject\",\"inLanguage\":\"en-US\",\"@id\":\"https:\\\/\\\/weighstation.eu\\\/#\\\/schema\\\/logo\\\/image\\\/\",\"url\":\"https:\\\/\\\/weighstation.eu\\\/wp-content\\\/uploads\\\/2025\\\/01\\\/WS-LogoOrganizzazione.png\",\"contentUrl\":\"https:\\\/\\\/weighstation.eu\\\/wp-content\\\/uploads\\\/2025\\\/01\\\/WS-LogoOrganizzazione.png\",\"width\":1200,\"height\":1200,\"caption\":\"Weigh Station\"},\"image\":{\"@id\":\"https:\\\/\\\/weighstation.eu\\\/#\\\/schema\\\/logo\\\/image\\\/\"},\"sameAs\":[\"https:\\\/\\\/www.facebook.com\\\/weighstationbz\",\"https:\\\/\\\/www.instagram.com\\\/weigh_station\\\/\"]}]}<\/script>\n<!-- \/ Yoast SEO plugin. -->","yoast_head_json":{"title":"[:it]Chi Siamo[:de]\u00dcber Uns[:en]About Us[:] - Weigh Station","robots":{"index":"index","follow":"follow","max-snippet":"max-snippet:-1","max-image-preview":"max-image-preview:large","max-video-preview":"max-video-preview:-1"},"canonical":"https:\/\/weighstation.eu\/chi-siamo\/","og_locale":"en_US","og_type":"article","og_title":"[:it]Chi Siamo[:de]\u00dcber Uns[:en]About Us[:] - Weigh Station","og_url":"https:\/\/weighstation.eu\/chi-siamo\/","og_site_name":"Weigh Station","article_publisher":"https:\/\/www.facebook.com\/weighstationbz","article_modified_time":"2026-02-25T17:06:10+00:00","og_image":[{"width":1200,"height":628,"url":"https:\/\/weighstation.eu\/wp-content\/uploads\/2025\/01\/Tavola_disegno_1.png","type":"image\/png"}],"twitter_card":"summary_large_image","schema":{"@context":"https:\/\/schema.org","@graph":[{"@type":"WebPage","@id":"https:\/\/weighstation.eu\/chi-siamo\/","url":"https:\/\/weighstation.eu\/chi-siamo\/","name":"[:it]Chi Siamo[:de]\u00dcber Uns[:en]About Us[:] - Weigh Station","isPartOf":{"@id":"https:\/\/weighstation.eu\/#website"},"datePublished":"2021-02-10T16:26:40+00:00","dateModified":"2026-02-25T17:06:10+00:00","breadcrumb":{"@id":"https:\/\/weighstation.eu\/chi-siamo\/#breadcrumb"},"inLanguage":"en-US","potentialAction":[{"@type":"ReadAction","target":["https:\/\/weighstation.eu\/chi-siamo\/"]}]},{"@type":"BreadcrumbList","@id":"https:\/\/weighstation.eu\/chi-siamo\/#breadcrumb","itemListElement":[{"@type":"ListItem","position":1,"name":"Home","item":"https:\/\/weighstation.eu\/"},{"@type":"ListItem","position":2,"name":"Chi Siamo"}]},{"@type":"WebSite","@id":"https:\/\/weighstation.eu\/#website","url":"https:\/\/weighstation.eu\/","name":"Weigh Station","description":"Tutti gli appuntamenti di Weigh Station da non perdere, ci vediamo a Casa della Pesa \u2013 suona il campanello, siamo al secondo piano \u2013 oppure online.","publisher":{"@id":"https:\/\/weighstation.eu\/#organization"},"potentialAction":[{"@type":"SearchAction","target":{"@type":"EntryPoint","urlTemplate":"https:\/\/weighstation.eu\/?s={search_term_string}"},"query-input":{"@type":"PropertyValueSpecification","valueRequired":true,"valueName":"search_term_string"}}],"inLanguage":"en-US"},{"@type":"Organization","@id":"https:\/\/weighstation.eu\/#organization","name":"Weigh Station","alternateName":"Weigh Station ETS","url":"https:\/\/weighstation.eu\/","logo":{"@type":"ImageObject","inLanguage":"en-US","@id":"https:\/\/weighstation.eu\/#\/schema\/logo\/image\/","url":"https:\/\/weighstation.eu\/wp-content\/uploads\/2025\/01\/WS-LogoOrganizzazione.png","contentUrl":"https:\/\/weighstation.eu\/wp-content\/uploads\/2025\/01\/WS-LogoOrganizzazione.png","width":1200,"height":1200,"caption":"Weigh Station"},"image":{"@id":"https:\/\/weighstation.eu\/#\/schema\/logo\/image\/"},"sameAs":["https:\/\/www.facebook.com\/weighstationbz","https:\/\/www.instagram.com\/weigh_station\/"]}]}},"acf":{"content":{"type":"single","description":"<p>Weigh Station is a creative hub currently based at Waaghaus (Casa della Pesa) in Bozen-Bolzano, Italy. Founded in 2014, WS offers its community of over 700 cultural and creative professionals a network, industry insights, consulting sessions and training opportunities, while also inspiring and engaging wider audiences through public events and supporting young people in South Tyrol in bringing their own initiatives to life.<\/p>\n","body":"<p><strong>WHAT WE DO<\/strong><\/p>\n<p><strong>For the community<\/strong><\/p>\n<p>+ The WS Wall is a network of creatives and cultural professionals in South Tyrol and Trentino: an online platform where members can showcase their skills and projects<br \/>\n+ WS Instrumenta: free consulting sessions with industry experts<br \/>\n+ \u00a0WS Random: free consulting sessions with the Weigh Station team<br \/>\n+ \u00a0Tailored workshops for the creative sector<br \/>\n+ Qualcosa si muove (\u2018Things are moving\u2019) provides up-to-date information on open calls, residencies, job opportunities, news, and insights on creative and cultural work<br \/>\n+ Discounts for cultural festivals<br \/>\n+ Use of our spaces at Waaghaus, free of charge<br \/>\n+ Participation in project support initiatives<\/p>\n<p><strong>Creative, inspiring and participatory events for all<\/strong><\/p>\n<p>+ Talks, concerts, and events in Kornplatz (Piazza del Grano); jam sessions, creative walks and breakfasts\u2026 we switch things up every year!<\/p>\n<p><strong>For young people aged 18\u201326 living in South Tyrol<\/strong><\/p>\n<p>+ Tabula Rasa finances initiatives of all kinds across South Tyrol.<\/p>\n<p><strong>OUR STORY<\/strong><\/p>\n<p>Weigh Station began as Weigh Station for Culture, a joint project by Leitmotiv, Cooperativa 19 and Foto Forum. The concept took shape in 2014 in response to a call for ideas for the new use of the ground-floor spaces of the historic Waaghaus (Casa della Pesa) in Kornplatz (Piazza del Grano), Bozen-Bolzano. From the very start, creativity, work and collaboration have been central to the project.<\/p>\n<p>Through weekly events, open meet-ups, targeted support for creatives and cultural professionals, a showcase for local designers and craftspeople, and a board for job and collaboration opportunities, Weigh Station quickly established itself as a vibrant point of reference for the regional creative scene.<\/p>\n<p>Weigh Station became an association in 2019, and in 2020, moved back to Waaghaus (Casa della Pesa), this time with its offices on the second floor of the fully renovated building, alongside fellow partners of the Waag project. Today, Weigh Station operates as a platform \u2014 both online and in-person \u2014 dedicated to work, culture, creativity and innovation in South Tyrol and beyond, with a special focus on the ideas and aspirations of the younger generation.<\/p>\n<p>At the heart of it all is WS Wall: a community of creatives and cultural professionals that thrives on the exchange of ideas, experiences and projects \u2014 ever-evolving and always open to new perspectives and collaborations.<\/p>\n<p>Weigh Station is a member of <a href=\"https:\/\/waaghaus.eu\">WAAG<\/a>, <a href=\"https:\/\/creativemornings.com\">CreativeMornings<\/a>, <a href=\"https:\/\/creativehubs.net\">ECHN &#8211; European Creative Hubs Network<\/a> and the <a href=\"https:\/\/allianzderkultur.it\">Allianz der Kultur<\/a>.<\/p>\n<p>&nbsp;<\/p>\n<p>Curious to find out more? Sign up to our <a href=\"https:\/\/weighstation.eu\/en\/contatti\/\">newsletter<\/a>.<\/p>\n<p>&nbsp;<\/p>\n<p><strong>TEAM<\/strong><\/p>\n<p><strong>Core team<\/strong><\/p>\n<p>Valentina Cramerotti \u2013 co-curation and project design, communications and press office (currently on leave)<br \/>\ncramerotti@weighstation.eu<\/p>\n<p>Katharina Kolakowski \u2013 co-curation and project design, communications and press office, administration<br \/>\nkolakowski@weighstation.eu<\/p>\n<p>Roberta Pedrini \u2013 co-curation and project design<br \/>\npedrini@weighstation.eu<\/p>\n<p>Bianca Alexandra Crisbasan \u2013 community manager, organisation and production, Tabula Rasa tutor<br \/>\ncrisbasan@weighstation.eu<\/p>\n<p>Viola Redaelli \u2013 social media manager<br \/>\nredaelli@weighstation.eu<\/p>\n<p>&nbsp;<\/p>\n<p><strong>Founders<\/strong><\/p>\n<p>Claudia Corrent<br \/>\nValentina Cramerotti<br \/>\nMassimiliano Gianotti<br \/>\nKatharina Kolakowski<br \/>\nLaura Morongiu<br \/>\nRoberta Pedrini<br \/>\nSara Sciortino<\/p>\n<p><strong>Board \u2013 Associazione Weigh Station ETS<\/strong><\/p>\n<p>Roberta Pedrini \u2013 President<br \/>\nDaria Akimenko \u2013 Vice President<br \/>\nSara Sciortino \u2013 Treasurer<\/p>\n<p><strong>Want to meet us?<\/strong><\/p>\n<p>Office hours:<br \/>\nMonday 5:30 \u2013 7:30 pm<br \/>\nThursday 9:00 \u2013 11:00 am<\/p>\n<p>If you\u2019d like to visit us at other times, write to: hello@weighstation.eu<\/p>\n","columns":{"left":"<p>Left<\/p>\n","right":"<p>Right<\/p>\n"}},"hero":{"image":{"ID":3006,"id":3006,"title":"team_WS_claudia","filename":"team_WS_claudia.jpg","filesize":893807,"url":"https:\/\/weighstation.eu\/wp-content\/uploads\/2022\/10\/team_WS_claudia.jpg","link":"https:\/\/weighstation.eu\/en\/chi-siamo\/team_ws_claudia\/","alt":"","author":"1","description":"","caption":"","name":"team_ws_claudia","status":"inherit","uploaded_to":19,"date":"2022-10-28 08:50:44","modified":"2022-10-28 08:50:44","menu_order":0,"mime_type":"image\/jpeg","type":"image","subtype":"jpeg","icon":"https:\/\/weighstation.eu\/wp-includes\/images\/media\/default.png","width":1134,"height":757,"sizes":{"thumbnail":"https:\/\/weighstation.eu\/wp-content\/uploads\/2022\/10\/team_WS_claudia-150x150.jpg","thumbnail-width":150,"thumbnail-height":150,"medium":"https:\/\/weighstation.eu\/wp-content\/uploads\/2022\/10\/team_WS_claudia-300x200.jpg","medium-width":300,"medium-height":200,"medium_large":"https:\/\/weighstation.eu\/wp-content\/uploads\/2022\/10\/team_WS_claudia-768x513.jpg","medium_large-width":768,"medium_large-height":513,"large":"https:\/\/weighstation.eu\/wp-content\/uploads\/2022\/10\/team_WS_claudia-1024x684.jpg","large-width":1024,"large-height":684,"1536x1536":"https:\/\/weighstation.eu\/wp-content\/uploads\/2022\/10\/team_WS_claudia.jpg","1536x1536-width":1134,"1536x1536-height":757,"2048x2048":"https:\/\/weighstation.eu\/wp-content\/uploads\/2022\/10\/team_WS_claudia.jpg","2048x2048-width":1134,"2048x2048-height":757}},"category":"About"},"people":false,"logos":[{"title":"WS Supporters","description":"Weigh Station is supported by the Department for Italian Culture of the Autonomous Province of Bozen-Bolzano, via the Youth Policy Office, as well as by the Municipality of Bozen-Bolzano and Fondazione Cassa di Risparmio di Bolzano \u2013 Stiftung Sparkasse.","list":[{"image":{"ID":2071,"id":2071,"title":"Provincia-logo-black","filename":"Provincia-logo-black.svg","filesize":52050,"url":"https:\/\/weighstation.eu\/wp-content\/uploads\/2021\/04\/Provincia-logo-black.svg","link":"https:\/\/weighstation.eu\/en\/chi-siamo\/provincia-logo-black-2\/","alt":"","author":"1","description":"","caption":"","name":"provincia-logo-black-2","status":"inherit","uploaded_to":19,"date":"2021-04-09 16:53:30","modified":"2021-04-09 16:53:30","menu_order":0,"mime_type":"image\/svg+xml","type":"image","subtype":"svg+xml","icon":"https:\/\/weighstation.eu\/wp-includes\/images\/media\/default.png","width":0,"height":0,"sizes":{"thumbnail":"https:\/\/weighstation.eu\/wp-content\/uploads\/2021\/04\/Provincia-logo-black.svg","thumbnail-width":1,"thumbnail-height":1,"medium":"https:\/\/weighstation.eu\/wp-content\/uploads\/2021\/04\/Provincia-logo-black.svg","medium-width":1,"medium-height":1,"medium_large":"https:\/\/weighstation.eu\/wp-content\/uploads\/2021\/04\/Provincia-logo-black.svg","medium_large-width":1,"medium_large-height":1,"large":"https:\/\/weighstation.eu\/wp-content\/uploads\/2021\/04\/Provincia-logo-black.svg","large-width":1,"large-height":1,"1536x1536":"https:\/\/weighstation.eu\/wp-content\/uploads\/2021\/04\/Provincia-logo-black.svg","1536x1536-width":1,"1536x1536-height":1,"2048x2048":"https:\/\/weighstation.eu\/wp-content\/uploads\/2021\/04\/Provincia-logo-black.svg","2048x2048-width":1,"2048x2048-height":1}}},{"image":{"ID":2072,"id":2072,"title":"Bolzano-logo-black","filename":"Bolzano-logo-black.svg","filesize":11080,"url":"https:\/\/weighstation.eu\/wp-content\/uploads\/2021\/04\/Bolzano-logo-black.svg","link":"https:\/\/weighstation.eu\/en\/chi-siamo\/bolzano-logo-black\/","alt":"","author":"1","description":"","caption":"","name":"bolzano-logo-black","status":"inherit","uploaded_to":19,"date":"2021-04-09 16:53:39","modified":"2021-04-09 16:53:39","menu_order":0,"mime_type":"image\/svg+xml","type":"image","subtype":"svg+xml","icon":"https:\/\/weighstation.eu\/wp-includes\/images\/media\/default.png","width":0,"height":0,"sizes":{"thumbnail":"https:\/\/weighstation.eu\/wp-content\/uploads\/2021\/04\/Bolzano-logo-black.svg","thumbnail-width":1,"thumbnail-height":1,"medium":"https:\/\/weighstation.eu\/wp-content\/uploads\/2021\/04\/Bolzano-logo-black.svg","medium-width":1,"medium-height":1,"medium_large":"https:\/\/weighstation.eu\/wp-content\/uploads\/2021\/04\/Bolzano-logo-black.svg","medium_large-width":1,"medium_large-height":1,"large":"https:\/\/weighstation.eu\/wp-content\/uploads\/2021\/04\/Bolzano-logo-black.svg","large-width":1,"large-height":1,"1536x1536":"https:\/\/weighstation.eu\/wp-content\/uploads\/2021\/04\/Bolzano-logo-black.svg","1536x1536-width":1,"1536x1536-height":1,"2048x2048":"https:\/\/weighstation.eu\/wp-content\/uploads\/2021\/04\/Bolzano-logo-black.svg","2048x2048-width":1,"2048x2048-height":1}}},{"image":{"ID":3532,"id":3532,"title":"Stiftung Fondazione Sparkasse bn 400px with border","filename":"Stiftung-Fondazione-Sparkasse-bn-400px-with-border.png","filesize":72032,"url":"https:\/\/weighstation.eu\/wp-content\/uploads\/2024\/03\/Stiftung-Fondazione-Sparkasse-bn-400px-with-border.png","link":"https:\/\/weighstation.eu\/en\/chi-siamo\/stiftung-fondazione-sparkasse-bn-400px-with-border\/","alt":"","author":"2","description":"","caption":"","name":"stiftung-fondazione-sparkasse-bn-400px-with-border","status":"inherit","uploaded_to":19,"date":"2024-03-08 10:25:12","modified":"2024-03-08 10:25:12","menu_order":0,"mime_type":"image\/png","type":"image","subtype":"png","icon":"https:\/\/weighstation.eu\/wp-includes\/images\/media\/default.png","width":1474,"height":1054,"sizes":{"thumbnail":"https:\/\/weighstation.eu\/wp-content\/uploads\/2024\/03\/Stiftung-Fondazione-Sparkasse-bn-400px-with-border.png","thumbnail-width":150,"thumbnail-height":107,"medium":"https:\/\/weighstation.eu\/wp-content\/uploads\/2024\/03\/Stiftung-Fondazione-Sparkasse-bn-400px-with-border.png","medium-width":300,"medium-height":215,"medium_large":"https:\/\/weighstation.eu\/wp-content\/uploads\/2024\/03\/Stiftung-Fondazione-Sparkasse-bn-400px-with-border.png","medium_large-width":768,"medium_large-height":549,"large":"https:\/\/weighstation.eu\/wp-content\/uploads\/2024\/03\/Stiftung-Fondazione-Sparkasse-bn-400px-with-border.png","large-width":1024,"large-height":732,"1536x1536":"https:\/\/weighstation.eu\/wp-content\/uploads\/2024\/03\/Stiftung-Fondazione-Sparkasse-bn-400px-with-border.png","1536x1536-width":1474,"1536x1536-height":1054,"2048x2048":"https:\/\/weighstation.eu\/wp-content\/uploads\/2024\/03\/Stiftung-Fondazione-Sparkasse-bn-400px-with-border.png","2048x2048-width":1474,"2048x2048-height":1054}}}]}],"info":{"color":"pink"},"blocks":[],"5x1000":{"flag":"Supporta Weigh Station ETS","title":"Dona il tuo 5 \u00d7 1000","body":"<p>Dona il tuo 5 per mille a Weigh Station ETS! Aggiungi la tua firma e il codice \u00d83\u00d85742\u00d8212 nel riquadro SOSTEGNO DEGLI ENTI DEL TERZOSETTORE della tua dichiarazione dei redditi.<\/p>\n","image":{"ID":3232,"id":3232,"title":"brick","filename":"brick.svg","filesize":101216,"url":"https:\/\/weighstation.eu\/wp-content\/uploads\/2023\/03\/brick.svg","link":"https:\/\/weighstation.eu\/en\/contatti\/brick\/","alt":"","author":"1","description":"","caption":"","name":"brick","status":"inherit","uploaded_to":24,"date":"2023-03-31 13:24:59","modified":"2023-03-31 13:24:59","menu_order":0,"mime_type":"image\/svg+xml","type":"image","subtype":"svg+xml","icon":"https:\/\/weighstation.eu\/wp-includes\/images\/media\/default.png","width":0,"height":0,"sizes":{"thumbnail":"https:\/\/weighstation.eu\/wp-content\/uploads\/2023\/03\/brick.svg","thumbnail-width":1,"thumbnail-height":1,"medium":"https:\/\/weighstation.eu\/wp-content\/uploads\/2023\/03\/brick.svg","medium-width":1,"medium-height":1,"medium_large":"https:\/\/weighstation.eu\/wp-content\/uploads\/2023\/03\/brick.svg","medium_large-width":1,"medium_large-height":1,"large":"https:\/\/weighstation.eu\/wp-content\/uploads\/2023\/03\/brick.svg","large-width":1,"large-height":1,"1536x1536":"https:\/\/weighstation.eu\/wp-content\/uploads\/2023\/03\/brick.svg","1536x1536-width":1,"1536x1536-height":1,"2048x2048":"https:\/\/weighstation.eu\/wp-content\/uploads\/2023\/03\/brick.svg","2048x2048-width":1,"2048x2048-height":1}},"background":"#28f9ee"}},"_links":{"self":[{"href":"https:\/\/weighstation.eu\/en\/wp-json\/wp\/v2\/pages\/19","targetHints":{"allow":["GET"]}}],"collection":[{"href":"https:\/\/weighstation.eu\/en\/wp-json\/wp\/v2\/pages"}],"about":[{"href":"https:\/\/weighstation.eu\/en\/wp-json\/wp\/v2\/types\/page"}],"author":[{"embeddable":true,"href":"https:\/\/weighstation.eu\/en\/wp-json\/wp\/v2\/users\/1"}],"replies":[{"embeddable":true,"href":"https:\/\/weighstation.eu\/en\/wp-json\/wp\/v2\/comments?post=19"}],"version-history":[{"count":72,"href":"https:\/\/weighstation.eu\/en\/wp-json\/wp\/v2\/pages\/19\/revisions"}],"predecessor-version":[{"id":4224,"href":"https:\/\/weighstation.eu\/en\/wp-json\/wp\/v2\/pages\/19\/revisions\/4224"}],"wp:attachment":[{"href":"https:\/\/weighstation.eu\/en\/wp-json\/wp\/v2\/media?parent=19"}],"curies":[{"name":"wp","href":"https:\/\/api.w.org\/{rel}","templated":true}]}}