{"id":19,"date":"2021-02-10T16:26:40","date_gmt":"2021-02-10T16:26:40","guid":{"rendered":"http:\/\/wp.ws.test\/?page_id=19"},"modified":"2026-02-25T17:06:10","modified_gmt":"2026-02-25T17:06:10","slug":"chi-siamo","status":"publish","type":"page","link":"https:\/\/weighstation.eu\/it\/chi-siamo\/","title":{"rendered":"Chi Siamo"},"content":{"rendered":"","protected":false},"excerpt":{"rendered":"","protected":false},"author":1,"featured_media":0,"parent":0,"menu_order":7,"comment_status":"closed","ping_status":"closed","template":"templates\/about.php","meta":{"footnotes":""},"class_list":["post-19","page","type-page","status-publish","hentry"],"yoast_head":"<!-- This site is optimized with the Yoast SEO plugin v27.5 - https:\/\/yoast.com\/product\/yoast-seo-wordpress\/ -->\n<title>Chi Siamo - Weigh Station<\/title>\n<meta name=\"robots\" content=\"index, follow, max-snippet:-1, max-image-preview:large, max-video-preview:-1\" \/>\n<link rel=\"canonical\" href=\"https:\/\/weighstation.eu\/chi-siamo\/\" \/>\n<meta property=\"og:locale\" content=\"it_IT\" \/>\n<meta property=\"og:type\" content=\"article\" \/>\n<meta property=\"og:title\" content=\"[:it]Chi Siamo[:de]\u00dcber Uns[:en]About Us[:] - Weigh Station\" \/>\n<meta property=\"og:url\" content=\"https:\/\/weighstation.eu\/chi-siamo\/\" \/>\n<meta property=\"og:site_name\" content=\"Weigh Station\" \/>\n<meta property=\"article:publisher\" content=\"https:\/\/www.facebook.com\/weighstationbz\" \/>\n<meta property=\"article:modified_time\" content=\"2026-02-25T17:06:10+00:00\" \/>\n<meta property=\"og:image\" content=\"https:\/\/weighstation.eu\/wp-content\/uploads\/2025\/01\/Tavola_disegno_1.png\" \/>\n\t<meta property=\"og:image:width\" content=\"1200\" \/>\n\t<meta property=\"og:image:height\" content=\"628\" \/>\n\t<meta property=\"og:image:type\" content=\"image\/png\" \/>\n<meta name=\"twitter:card\" content=\"summary_large_image\" \/>\n<script type=\"application\/ld+json\" class=\"yoast-schema-graph\">{\"@context\":\"https:\\\/\\\/schema.org\",\"@graph\":[{\"@type\":\"WebPage\",\"@id\":\"https:\\\/\\\/weighstation.eu\\\/chi-siamo\\\/\",\"url\":\"https:\\\/\\\/weighstation.eu\\\/chi-siamo\\\/\",\"name\":\"[:it]Chi Siamo[:de]\u00dcber Uns[:en]About Us[:] - Weigh Station\",\"isPartOf\":{\"@id\":\"https:\\\/\\\/weighstation.eu\\\/#website\"},\"datePublished\":\"2021-02-10T16:26:40+00:00\",\"dateModified\":\"2026-02-25T17:06:10+00:00\",\"breadcrumb\":{\"@id\":\"https:\\\/\\\/weighstation.eu\\\/chi-siamo\\\/#breadcrumb\"},\"inLanguage\":\"it-IT\",\"potentialAction\":[{\"@type\":\"ReadAction\",\"target\":[\"https:\\\/\\\/weighstation.eu\\\/chi-siamo\\\/\"]}]},{\"@type\":\"BreadcrumbList\",\"@id\":\"https:\\\/\\\/weighstation.eu\\\/chi-siamo\\\/#breadcrumb\",\"itemListElement\":[{\"@type\":\"ListItem\",\"position\":1,\"name\":\"Home\",\"item\":\"https:\\\/\\\/weighstation.eu\\\/\"},{\"@type\":\"ListItem\",\"position\":2,\"name\":\"Chi Siamo\"}]},{\"@type\":\"WebSite\",\"@id\":\"https:\\\/\\\/weighstation.eu\\\/#website\",\"url\":\"https:\\\/\\\/weighstation.eu\\\/\",\"name\":\"Weigh Station\",\"description\":\"Tutti gli appuntamenti di Weigh Station da non perdere, ci vediamo a Casa della Pesa \u2013 suona il campanello, siamo al secondo piano \u2013 oppure online.\",\"publisher\":{\"@id\":\"https:\\\/\\\/weighstation.eu\\\/#organization\"},\"potentialAction\":[{\"@type\":\"SearchAction\",\"target\":{\"@type\":\"EntryPoint\",\"urlTemplate\":\"https:\\\/\\\/weighstation.eu\\\/?s={search_term_string}\"},\"query-input\":{\"@type\":\"PropertyValueSpecification\",\"valueRequired\":true,\"valueName\":\"search_term_string\"}}],\"inLanguage\":\"it-IT\"},{\"@type\":\"Organization\",\"@id\":\"https:\\\/\\\/weighstation.eu\\\/#organization\",\"name\":\"Weigh Station\",\"alternateName\":\"Weigh Station ETS\",\"url\":\"https:\\\/\\\/weighstation.eu\\\/\",\"logo\":{\"@type\":\"ImageObject\",\"inLanguage\":\"it-IT\",\"@id\":\"https:\\\/\\\/weighstation.eu\\\/#\\\/schema\\\/logo\\\/image\\\/\",\"url\":\"https:\\\/\\\/weighstation.eu\\\/wp-content\\\/uploads\\\/2025\\\/01\\\/WS-LogoOrganizzazione.png\",\"contentUrl\":\"https:\\\/\\\/weighstation.eu\\\/wp-content\\\/uploads\\\/2025\\\/01\\\/WS-LogoOrganizzazione.png\",\"width\":1200,\"height\":1200,\"caption\":\"Weigh Station\"},\"image\":{\"@id\":\"https:\\\/\\\/weighstation.eu\\\/#\\\/schema\\\/logo\\\/image\\\/\"},\"sameAs\":[\"https:\\\/\\\/www.facebook.com\\\/weighstationbz\",\"https:\\\/\\\/www.instagram.com\\\/weigh_station\\\/\"]}]}<\/script>\n<!-- \/ Yoast SEO plugin. -->","yoast_head_json":{"title":"[:it]Chi Siamo[:de]\u00dcber Uns[:en]About Us[:] - Weigh Station","robots":{"index":"index","follow":"follow","max-snippet":"max-snippet:-1","max-image-preview":"max-image-preview:large","max-video-preview":"max-video-preview:-1"},"canonical":"https:\/\/weighstation.eu\/chi-siamo\/","og_locale":"it_IT","og_type":"article","og_title":"[:it]Chi Siamo[:de]\u00dcber Uns[:en]About Us[:] - Weigh Station","og_url":"https:\/\/weighstation.eu\/chi-siamo\/","og_site_name":"Weigh Station","article_publisher":"https:\/\/www.facebook.com\/weighstationbz","article_modified_time":"2026-02-25T17:06:10+00:00","og_image":[{"width":1200,"height":628,"url":"https:\/\/weighstation.eu\/wp-content\/uploads\/2025\/01\/Tavola_disegno_1.png","type":"image\/png"}],"twitter_card":"summary_large_image","schema":{"@context":"https:\/\/schema.org","@graph":[{"@type":"WebPage","@id":"https:\/\/weighstation.eu\/chi-siamo\/","url":"https:\/\/weighstation.eu\/chi-siamo\/","name":"[:it]Chi Siamo[:de]\u00dcber Uns[:en]About Us[:] - Weigh Station","isPartOf":{"@id":"https:\/\/weighstation.eu\/#website"},"datePublished":"2021-02-10T16:26:40+00:00","dateModified":"2026-02-25T17:06:10+00:00","breadcrumb":{"@id":"https:\/\/weighstation.eu\/chi-siamo\/#breadcrumb"},"inLanguage":"it-IT","potentialAction":[{"@type":"ReadAction","target":["https:\/\/weighstation.eu\/chi-siamo\/"]}]},{"@type":"BreadcrumbList","@id":"https:\/\/weighstation.eu\/chi-siamo\/#breadcrumb","itemListElement":[{"@type":"ListItem","position":1,"name":"Home","item":"https:\/\/weighstation.eu\/"},{"@type":"ListItem","position":2,"name":"Chi Siamo"}]},{"@type":"WebSite","@id":"https:\/\/weighstation.eu\/#website","url":"https:\/\/weighstation.eu\/","name":"Weigh Station","description":"Tutti gli appuntamenti di Weigh Station da non perdere, ci vediamo a Casa della Pesa \u2013 suona il campanello, siamo al secondo piano \u2013 oppure online.","publisher":{"@id":"https:\/\/weighstation.eu\/#organization"},"potentialAction":[{"@type":"SearchAction","target":{"@type":"EntryPoint","urlTemplate":"https:\/\/weighstation.eu\/?s={search_term_string}"},"query-input":{"@type":"PropertyValueSpecification","valueRequired":true,"valueName":"search_term_string"}}],"inLanguage":"it-IT"},{"@type":"Organization","@id":"https:\/\/weighstation.eu\/#organization","name":"Weigh Station","alternateName":"Weigh Station ETS","url":"https:\/\/weighstation.eu\/","logo":{"@type":"ImageObject","inLanguage":"it-IT","@id":"https:\/\/weighstation.eu\/#\/schema\/logo\/image\/","url":"https:\/\/weighstation.eu\/wp-content\/uploads\/2025\/01\/WS-LogoOrganizzazione.png","contentUrl":"https:\/\/weighstation.eu\/wp-content\/uploads\/2025\/01\/WS-LogoOrganizzazione.png","width":1200,"height":1200,"caption":"Weigh Station"},"image":{"@id":"https:\/\/weighstation.eu\/#\/schema\/logo\/image\/"},"sameAs":["https:\/\/www.facebook.com\/weighstationbz","https:\/\/www.instagram.com\/weigh_station\/"]}]}},"acf":{"content":{"type":"single","description":"<p>Weigh Station \u00e8 un Creative Hub con attuale sede a Casa della Pesa (Waaghaus) a Bolzano, Italia. Fondato nel 2014, WS offre a una community di oltre 700 operatori e operatrici del settore culturale e creativo una rete, informazioni di settore, consulenze e formazione; a tutt\u0259 ispirazione e intrattenimento attraverso diversi format di eventi e ai giovani e alle giovani dell\u2019Alto Adige la possibilit\u00e0 e il sostegno per realizzare le proprie iniziative.<\/p>\n","body":"<p><strong>COSA FACCIAMO<\/strong><\/p>\n<p><strong>Per la community<\/strong><\/p>\n<p>+ WS Wall: \u00e8 la rete di creativ\u0259 e operatori e operatrici culturali in Alto Adige e Trentino. Una piattaforma online dove \u00e8 possibile presentarsi attraverso le proprie competenze e i progetti realizzati<br \/>\n+ WS Instrumenta: sono delle consulenze gratuite con esperti ed esperte<br \/>\n+ WS Random: sono consulenze gratuite con il team di Weigh Station<br \/>\n+ Workshop su misura per il settore creativo<br \/>\n+ Qualcosa si muove: \u00e8 un servizio con\u00a0 informazioni aggiornate su bandi, residenze, offerte di lavoro e novit\u00e0 e approfondimentisul tema del lavoro creativo e culturale<br \/>\n+ Sconti per festival culturali<br \/>\n+ Utilizzo gratuito dei nostri spazi a Casa della Pesa<br \/>\n+ Partecipazione a iniziative di supporto ai progetti<\/p>\n<p>&nbsp;<\/p>\n<p><strong>Eventi creativi, stimolanti e partecipativi per tutt\u0259<\/strong><\/p>\n<p>+ Talk, concerti, eventi in Piazza del Grano, jam session, passeggiate e colazioni creative\u2026 ogni anno si cambia!<\/p>\n<p>&nbsp;<\/p>\n<p><strong>Per giovani tra i 18 e i 26 anni che vivono in Alto Adige<\/strong><\/p>\n<p>+ Tabula Rasa: un fondo per finanziare iniziative di ogni tipo in tutti i luoghi dell\u2019Alto Adige<\/p>\n<p>&nbsp;<\/p>\n<p><strong>LA STORIA<\/strong><\/p>\n<p>Weigh Station nasce dal progetto condiviso Weigh Station for Culture di Leitmotiv, Cooperativa 19 e Foto Forum. Nel 2014 prende forma l\u2019idea per la partecipazione al bando dedicato alla nuova destinazione d\u2019uso degli spazi al piano terra della storica Casa della Pesa (Waaghaus) in Piazza del Grano a Bolzano. Fin dall\u2019inizio, al centro ci sono creativit\u00e0, lavoro e collaborazione.<\/p>\n<p>Grazie a eventi settimanali, momenti di incontro aperti, un supporto mirato a creativt\u0259 e operatori e operatrici culturali, una vetrina per artigiant\u0259 e designer locali e una bacheca per offerte di lavoro e collaborazioni, Weigh Station si afferma rapidamente come punto di riferimento vivo per la scena creativa regionale.<\/p>\n<p>Dal 2019 Weigh Station \u00e8 un\u2019associazione e dal 2020 \u00e8 nuovamente stabilmente presente in Casa della Pesa, al secondo piano dell\u2019edificio completamente restaurato, insieme ai partner del progetto Waag. Oggi Weigh Station \u00e8 una piattaforma reale e virtuale dedicata a lavoro, cultura, creativit\u00e0 e innovazione in Alto Adige e oltre, con un\u2019attenzione particolare alle idee e ai desideri delle giovani generazioni.<\/p>\n<p>Al centro c\u2019\u00e8 da sempre WS Wall, la community di creativt\u0259 e operatori e operatrici culturali. WS Wall vive di scambio e persone che condividono idee, esperienze e progetti: una comunit\u00e0 in continua evoluzione, aperta a nuove prospettive e collaborazioni.<\/p>\n<p>Weigh Station \u00e8 membro di\u00a0Waag,\u00a0CreativeMornings,\u00a0ECHN \u2013 European Creative Hubs Network\u00a0e dell\u2019Allianz der Kultur.<\/p>\n<p>Ti \u00e8 venuta voglia di saperne di pi\u00f9?\u00a0<a href=\"https:\/\/weighstation.eu\/de\/contatti\/\">Iscriviti alla\u00a0newsletter<\/a>.<\/p>\n<p>&nbsp;<\/p>\n<p><strong>TEAM<\/strong><\/p>\n<p><strong>Team operativo<\/strong><\/p>\n<p>Valentina Cramerotti: co-curatela e progettazione, comunicazione e ufficio stampa (attualmente in congedo)<br \/>\ncramerotti@weighstation.eu<\/p>\n<p>Katharina Kolakowski: co-curatela e progettazione, comunicazione e ufficio stampa, amministrazione<br \/>\nkolakowski@weighstation.eu<\/p>\n<p>Roberta Pedrini: co-curatela e progettazione<br \/>\npedrini@weighstation.eu<\/p>\n<p>Bianca Alexandra Crisbasan: community manager, organizzazione e produzione, tutor Tabula Rasa<br \/>\ncrisbasan@weighstation.eu<\/p>\n<p>Viola Redaelli: social media manager<br \/>\nredaelli@weighstation.eu<\/p>\n<p>&nbsp;<\/p>\n<p><strong>Founder<\/strong><\/p>\n<p>Claudia Corrent<br \/>\nValentina Cramerotti<br \/>\nMassimiliano Gianotti<br \/>\nKatharina Kolakowski<br \/>\nLaura Morongiu<br \/>\nRoberta Pedrini<br \/>\nSara Sciortino<\/p>\n<p>&nbsp;<\/p>\n<p><strong>Consiglio direttivo \u2013 Associazione Weigh Station ETS<\/strong><\/p>\n<p>Roberta Pedrini \u2013 Presidente<br \/>\nDaria Akimenko \u2013 Vicepresidente<br \/>\nSara Sciortino \u2013 Tesoriera<\/p>\n<p>&nbsp;<\/p>\n<p><strong>Vuoi conoscerci?<\/strong><\/p>\n<p>Orari di apertura degli uffici:<br \/>\nluned\u00ec dalle 17:30 alle 19:30<br \/>\ngioved\u00ec dalle 9:00 alle 11:00<\/p>\n<p>Se desideri venirci a trovare in altri orari, scrivi a: hello@weighstation.eu<\/p>\n","columns":{"left":"<p>Left<\/p>\n","right":"<p>Right<\/p>\n"}},"hero":{"image":{"ID":3006,"id":3006,"title":"team_WS_claudia","filename":"team_WS_claudia.jpg","filesize":893807,"url":"https:\/\/weighstation.eu\/wp-content\/uploads\/2022\/10\/team_WS_claudia.jpg","link":"https:\/\/weighstation.eu\/it\/chi-siamo\/team_ws_claudia\/","alt":"","author":"1","description":"","caption":"","name":"team_ws_claudia","status":"inherit","uploaded_to":19,"date":"2022-10-28 08:50:44","modified":"2022-10-28 08:50:44","menu_order":0,"mime_type":"image\/jpeg","type":"image","subtype":"jpeg","icon":"https:\/\/weighstation.eu\/wp-includes\/images\/media\/default.png","width":1134,"height":757,"sizes":{"thumbnail":"https:\/\/weighstation.eu\/wp-content\/uploads\/2022\/10\/team_WS_claudia-150x150.jpg","thumbnail-width":150,"thumbnail-height":150,"medium":"https:\/\/weighstation.eu\/wp-content\/uploads\/2022\/10\/team_WS_claudia-300x200.jpg","medium-width":300,"medium-height":200,"medium_large":"https:\/\/weighstation.eu\/wp-content\/uploads\/2022\/10\/team_WS_claudia-768x513.jpg","medium_large-width":768,"medium_large-height":513,"large":"https:\/\/weighstation.eu\/wp-content\/uploads\/2022\/10\/team_WS_claudia-1024x684.jpg","large-width":1024,"large-height":684,"1536x1536":"https:\/\/weighstation.eu\/wp-content\/uploads\/2022\/10\/team_WS_claudia.jpg","1536x1536-width":1134,"1536x1536-height":757,"2048x2048":"https:\/\/weighstation.eu\/wp-content\/uploads\/2022\/10\/team_WS_claudia.jpg","2048x2048-width":1134,"2048x2048-height":757}},"category":"About"},"people":false,"logos":[{"title":"WS Supporters","description":"Weigh Station \u00e8 sostenuta dal Dipartimento Cultura in lingua italiana della Provincia Autonoma di Bolzano attraverso l\u2019Ufficio Politiche Giovanili, dal Comune di Bolzano e dalla Fondazione Cassa di Risparmio di Bolzano.","list":[{"image":{"ID":2071,"id":2071,"title":"Provincia-logo-black","filename":"Provincia-logo-black.svg","filesize":52050,"url":"https:\/\/weighstation.eu\/wp-content\/uploads\/2021\/04\/Provincia-logo-black.svg","link":"https:\/\/weighstation.eu\/it\/chi-siamo\/provincia-logo-black-2\/","alt":"","author":"1","description":"","caption":"","name":"provincia-logo-black-2","status":"inherit","uploaded_to":19,"date":"2021-04-09 16:53:30","modified":"2021-04-09 16:53:30","menu_order":0,"mime_type":"image\/svg+xml","type":"image","subtype":"svg+xml","icon":"https:\/\/weighstation.eu\/wp-includes\/images\/media\/default.png","width":0,"height":0,"sizes":{"thumbnail":"https:\/\/weighstation.eu\/wp-content\/uploads\/2021\/04\/Provincia-logo-black.svg","thumbnail-width":1,"thumbnail-height":1,"medium":"https:\/\/weighstation.eu\/wp-content\/uploads\/2021\/04\/Provincia-logo-black.svg","medium-width":1,"medium-height":1,"medium_large":"https:\/\/weighstation.eu\/wp-content\/uploads\/2021\/04\/Provincia-logo-black.svg","medium_large-width":1,"medium_large-height":1,"large":"https:\/\/weighstation.eu\/wp-content\/uploads\/2021\/04\/Provincia-logo-black.svg","large-width":1,"large-height":1,"1536x1536":"https:\/\/weighstation.eu\/wp-content\/uploads\/2021\/04\/Provincia-logo-black.svg","1536x1536-width":1,"1536x1536-height":1,"2048x2048":"https:\/\/weighstation.eu\/wp-content\/uploads\/2021\/04\/Provincia-logo-black.svg","2048x2048-width":1,"2048x2048-height":1}}},{"image":{"ID":2072,"id":2072,"title":"Bolzano-logo-black","filename":"Bolzano-logo-black.svg","filesize":11080,"url":"https:\/\/weighstation.eu\/wp-content\/uploads\/2021\/04\/Bolzano-logo-black.svg","link":"https:\/\/weighstation.eu\/it\/chi-siamo\/bolzano-logo-black\/","alt":"","author":"1","description":"","caption":"","name":"bolzano-logo-black","status":"inherit","uploaded_to":19,"date":"2021-04-09 16:53:39","modified":"2021-04-09 16:53:39","menu_order":0,"mime_type":"image\/svg+xml","type":"image","subtype":"svg+xml","icon":"https:\/\/weighstation.eu\/wp-includes\/images\/media\/default.png","width":0,"height":0,"sizes":{"thumbnail":"https:\/\/weighstation.eu\/wp-content\/uploads\/2021\/04\/Bolzano-logo-black.svg","thumbnail-width":1,"thumbnail-height":1,"medium":"https:\/\/weighstation.eu\/wp-content\/uploads\/2021\/04\/Bolzano-logo-black.svg","medium-width":1,"medium-height":1,"medium_large":"https:\/\/weighstation.eu\/wp-content\/uploads\/2021\/04\/Bolzano-logo-black.svg","medium_large-width":1,"medium_large-height":1,"large":"https:\/\/weighstation.eu\/wp-content\/uploads\/2021\/04\/Bolzano-logo-black.svg","large-width":1,"large-height":1,"1536x1536":"https:\/\/weighstation.eu\/wp-content\/uploads\/2021\/04\/Bolzano-logo-black.svg","1536x1536-width":1,"1536x1536-height":1,"2048x2048":"https:\/\/weighstation.eu\/wp-content\/uploads\/2021\/04\/Bolzano-logo-black.svg","2048x2048-width":1,"2048x2048-height":1}}},{"image":{"ID":3532,"id":3532,"title":"Stiftung Fondazione Sparkasse bn 400px with border","filename":"Stiftung-Fondazione-Sparkasse-bn-400px-with-border.png","filesize":72032,"url":"https:\/\/weighstation.eu\/wp-content\/uploads\/2024\/03\/Stiftung-Fondazione-Sparkasse-bn-400px-with-border.png","link":"https:\/\/weighstation.eu\/it\/chi-siamo\/stiftung-fondazione-sparkasse-bn-400px-with-border\/","alt":"","author":"2","description":"","caption":"","name":"stiftung-fondazione-sparkasse-bn-400px-with-border","status":"inherit","uploaded_to":19,"date":"2024-03-08 10:25:12","modified":"2024-03-08 10:25:12","menu_order":0,"mime_type":"image\/png","type":"image","subtype":"png","icon":"https:\/\/weighstation.eu\/wp-includes\/images\/media\/default.png","width":1474,"height":1054,"sizes":{"thumbnail":"https:\/\/weighstation.eu\/wp-content\/uploads\/2024\/03\/Stiftung-Fondazione-Sparkasse-bn-400px-with-border.png","thumbnail-width":150,"thumbnail-height":107,"medium":"https:\/\/weighstation.eu\/wp-content\/uploads\/2024\/03\/Stiftung-Fondazione-Sparkasse-bn-400px-with-border.png","medium-width":300,"medium-height":215,"medium_large":"https:\/\/weighstation.eu\/wp-content\/uploads\/2024\/03\/Stiftung-Fondazione-Sparkasse-bn-400px-with-border.png","medium_large-width":768,"medium_large-height":549,"large":"https:\/\/weighstation.eu\/wp-content\/uploads\/2024\/03\/Stiftung-Fondazione-Sparkasse-bn-400px-with-border.png","large-width":1024,"large-height":732,"1536x1536":"https:\/\/weighstation.eu\/wp-content\/uploads\/2024\/03\/Stiftung-Fondazione-Sparkasse-bn-400px-with-border.png","1536x1536-width":1474,"1536x1536-height":1054,"2048x2048":"https:\/\/weighstation.eu\/wp-content\/uploads\/2024\/03\/Stiftung-Fondazione-Sparkasse-bn-400px-with-border.png","2048x2048-width":1474,"2048x2048-height":1054}}}]}],"info":{"color":"pink"},"blocks":[],"5x1000":{"flag":"Supporta Weigh Station ETS","title":"Dona il tuo 5 \u00d7 1000","body":"<p>Dona il tuo 5 per mille a Weigh Station ETS! Aggiungi la tua firma e il codice \u00d83\u00d85742\u00d8212 nel riquadro SOSTEGNO DEGLI ENTI DEL TERZOSETTORE della tua dichiarazione dei redditi.<\/p>\n","image":{"ID":3232,"id":3232,"title":"brick","filename":"brick.svg","filesize":101216,"url":"https:\/\/weighstation.eu\/wp-content\/uploads\/2023\/03\/brick.svg","link":"https:\/\/weighstation.eu\/it\/contatti\/brick\/","alt":"","author":"1","description":"","caption":"","name":"brick","status":"inherit","uploaded_to":24,"date":"2023-03-31 13:24:59","modified":"2023-03-31 13:24:59","menu_order":0,"mime_type":"image\/svg+xml","type":"image","subtype":"svg+xml","icon":"https:\/\/weighstation.eu\/wp-includes\/images\/media\/default.png","width":0,"height":0,"sizes":{"thumbnail":"https:\/\/weighstation.eu\/wp-content\/uploads\/2023\/03\/brick.svg","thumbnail-width":1,"thumbnail-height":1,"medium":"https:\/\/weighstation.eu\/wp-content\/uploads\/2023\/03\/brick.svg","medium-width":1,"medium-height":1,"medium_large":"https:\/\/weighstation.eu\/wp-content\/uploads\/2023\/03\/brick.svg","medium_large-width":1,"medium_large-height":1,"large":"https:\/\/weighstation.eu\/wp-content\/uploads\/2023\/03\/brick.svg","large-width":1,"large-height":1,"1536x1536":"https:\/\/weighstation.eu\/wp-content\/uploads\/2023\/03\/brick.svg","1536x1536-width":1,"1536x1536-height":1,"2048x2048":"https:\/\/weighstation.eu\/wp-content\/uploads\/2023\/03\/brick.svg","2048x2048-width":1,"2048x2048-height":1}},"background":"#28f9ee"}},"_links":{"self":[{"href":"https:\/\/weighstation.eu\/it\/wp-json\/wp\/v2\/pages\/19","targetHints":{"allow":["GET"]}}],"collection":[{"href":"https:\/\/weighstation.eu\/it\/wp-json\/wp\/v2\/pages"}],"about":[{"href":"https:\/\/weighstation.eu\/it\/wp-json\/wp\/v2\/types\/page"}],"author":[{"embeddable":true,"href":"https:\/\/weighstation.eu\/it\/wp-json\/wp\/v2\/users\/1"}],"replies":[{"embeddable":true,"href":"https:\/\/weighstation.eu\/it\/wp-json\/wp\/v2\/comments?post=19"}],"version-history":[{"count":72,"href":"https:\/\/weighstation.eu\/it\/wp-json\/wp\/v2\/pages\/19\/revisions"}],"predecessor-version":[{"id":4224,"href":"https:\/\/weighstation.eu\/it\/wp-json\/wp\/v2\/pages\/19\/revisions\/4224"}],"wp:attachment":[{"href":"https:\/\/weighstation.eu\/it\/wp-json\/wp\/v2\/media?parent=19"}],"curies":[{"name":"wp","href":"https:\/\/api.w.org\/{rel}","templated":true}]}}